{"id":11054,"date":"2022-05-12T15:26:55","date_gmt":"2022-05-12T19:26:55","guid":{"rendered":"https:\/\/amesup.com\/site\/?page_id=11054"},"modified":"2022-05-12T15:54:46","modified_gmt":"2022-05-12T19:54:46","slug":"industria-generacion-gas-petroleo","status":"publish","type":"page","link":"https:\/\/amesup.com\/site\/industria-generacion-gas-petroleo\/","title":{"rendered":"Industria generaci\u00f3n Gas y Petr\u00f3leo"},"content":{"rendered":"<div id=\"pl-11054\"  class=\"panel-layout\" ><div id=\"pg-11054-0\"  class=\"panel-grid panel-no-style\" ><div id=\"pgc-11054-0-0\"  class=\"panel-grid-cell panel-grid-cell-empty\" ><\/div><div id=\"pgc-11054-0-1\"  class=\"panel-grid-cell panel-grid-cell-mobile-last\" ><div id=\"panel-11054-0-1-0\" class=\"so-panel widget widget_siteorigin-panels-builder panel-first-child\" data-index=\"0\" ><div id=\"pl-w627d62efb9395\"  class=\"panel-layout\" ><div id=\"pg-w627d62efb9395-0\"  class=\"panel-grid panel-no-style\" ><div id=\"pgc-w627d62efb9395-0-0\"  class=\"panel-grid-cell\" ><div id=\"panel-w627d62efb9395-0-0-0\" class=\"so-panel widget widget_sow-editor panel-first-child panel-last-child\" data-index=\"0\" ><div class=\"so-widget-sow-editor so-widget-sow-editor-base\">\n<div class=\"siteorigin-widget-tinymce textwidget\">\n\t<h4 style=\"text-align: justify;\"><span style=\"color: #333333;\"><strong>Industria generaci\u00f3n Gas y Petr\u00f3leo<\/strong><\/span><\/h4>\n<\/div>\n<\/div><\/div><\/div><div id=\"pgc-w627d62efb9395-0-1\"  class=\"panel-grid-cell\" ><div id=\"panel-w627d62efb9395-0-1-0\" class=\"so-panel widget widget_sow-image panel-first-child panel-last-child\" data-index=\"1\" ><div class=\"so-widget-sow-image so-widget-sow-image-default-2ec334f0a340-11054\">\n\n<div class=\"sow-image-container\">\n\t\t\t<a\n\t\t\thref=\"https:\/\/amesup.com\/site\/division-de-suministros\/\"\n\t\t\t\t\t>\n\t\t\t<img src=\"https:\/\/amesup.com\/site\/wp-content\/uploads\/2019\/07\/REGRESO.png\" width=\"45\" height=\"45\" sizes=\"(max-width: 45px) 100vw, 45px\" alt=\"\" loading=\"lazy\" \t\tclass=\"so-widget-image\"\/>\n\t<\/a><\/div>\n\n<\/div><\/div><\/div><\/div><div id=\"pg-w627d62efb9395-1\"  class=\"panel-grid panel-no-style\" ><div id=\"pgc-w627d62efb9395-1-0\"  class=\"panel-grid-cell panel-grid-cell-empty\" ><\/div><div id=\"pgc-w627d62efb9395-1-1\"  class=\"panel-grid-cell panel-grid-cell-mobile-last\" ><div id=\"panel-w627d62efb9395-1-1-0\" class=\"so-panel widget widget_sow-editor panel-first-child panel-last-child\" data-index=\"2\" ><div class=\"so-widget-sow-editor so-widget-sow-editor-base\">\n<div class=\"siteorigin-widget-tinymce textwidget\">\n\t<h4 style=\"text-align: justify;\">Pernos y Tuercas para conexiones bridadas<\/h4>\n<p style=\"text-align: justify;\"><strong>Tipos de pernos<\/strong><\/p>\n<p style=\"text-align: justify;\">En la industria petroqu\u00edmica y qu\u00edmica para conexiones de bridas se utilizan pernos prisioneros y pernos hexagonales. El perno esp\u00e1rrago es una varilla roscada con 2 tuercas hexagonales pesadas, mientras que el perno hexagonal tiene una cabeza con una tuerca. Las tuercas y la cabeza son ambas de seis lados.<\/p>\n<p style=\"text-align: justify;\"><strong>Esp\u00e1rragos generales<\/strong><\/p>\n<p style=\"text-align: justify;\">La cantidad de pernos para una conexi\u00f3n de brida estar\u00e1 dada por el n\u00famero de orificios para pernos en una brida, el di\u00e1metro y la longitud de los pernos dependen del tipo de brida y la Clase de presi\u00f3n de la brida.<\/p>\n<p style=\"text-align: justify;\">La longitud del perno prisionero se define en el est\u00e1ndar ASME B16.5. La longitud en pulgadas es igual a la longitud efectiva de la rosca medida paralelamente al eje, desde la primera hasta la primera rosca sin los chaflanes (puntos). El primer hilo se define como la intersecci\u00f3n del di\u00e1metro mayor del hilo con la base de la punta.<\/p>\n<\/div>\n<\/div><\/div><\/div><div id=\"pgc-w627d62efb9395-1-2\"  class=\"panel-grid-cell panel-grid-cell-empty\" ><\/div><\/div><\/div><\/div><div id=\"panel-11054-0-1-1\" class=\"so-panel widget widget_siteorigin-panels-builder panel-last-child\" data-index=\"1\" ><div id=\"pl-w627d66061197b\"  class=\"panel-layout\" ><div id=\"pg-w627d66061197b-0\"  class=\"panel-grid panel-no-style\" ><div id=\"pgc-w627d66061197b-0-0\"  class=\"panel-grid-cell panel-grid-cell-empty\" ><\/div><div id=\"pgc-w627d66061197b-0-1\"  class=\"panel-grid-cell\" ><div id=\"panel-w627d66061197b-0-1-0\" class=\"so-panel widget widget_sow-image panel-first-child\" data-index=\"0\" ><div class=\"so-widget-sow-image so-widget-sow-image-default-17bc2272b535-11054\">\n\n<div class=\"sow-image-container\">\n\t\t<img src=\"https:\/\/amesup.com\/site\/wp-content\/uploads\/2022\/05\/Bolts_01.jpg\" width=\"300\" height=\"137\" sizes=\"(max-width: 300px) 100vw, 300px\" alt=\"\" loading=\"lazy\" \t\tclass=\"so-widget-image\"\/>\n\t<\/div>\n\n<\/div><\/div><div id=\"panel-w627d66061197b-0-1-1\" class=\"so-panel widget widget_sow-editor panel-last-child\" data-index=\"1\" ><div class=\"so-widget-sow-editor so-widget-sow-editor-base\">\n<div class=\"siteorigin-widget-tinymce textwidget\">\n\t<p style=\"text-align: center;\">Studs are measured parallel to the axis (L) from<br \/>\nthe first to the thread without the chamfers (points)<br \/>\nS = free threads equals 1\/3 time bolt dia<\/p>\n<\/div>\n<\/div><\/div><\/div><div id=\"pgc-w627d66061197b-0-2\"  class=\"panel-grid-cell panel-grid-cell-mobile-last\" ><div id=\"panel-w627d66061197b-0-2-0\" class=\"so-panel widget widget_sow-image panel-first-child\" data-index=\"2\" ><div class=\"so-widget-sow-image so-widget-sow-image-default-17bc2272b535-11054\">\n\n<div class=\"sow-image-container\">\n\t\t<img src=\"https:\/\/amesup.com\/site\/wp-content\/uploads\/2022\/05\/Bolts_02.jpg\" width=\"338\" height=\"137\" srcset=\"https:\/\/amesup.com\/site\/wp-content\/uploads\/2022\/05\/Bolts_02.jpg 338w, https:\/\/amesup.com\/site\/wp-content\/uploads\/2022\/05\/Bolts_02-300x122.jpg 300w\" sizes=\"(max-width: 338px) 100vw, 338px\" alt=\"\" loading=\"lazy\" \t\tclass=\"so-widget-image\"\/>\n\t<\/div>\n\n<\/div><\/div><div id=\"panel-w627d66061197b-0-2-1\" class=\"so-panel widget widget_sow-editor panel-last-child\" data-index=\"3\" ><div class=\"so-widget-sow-editor so-widget-sow-editor-base\">\n<div class=\"siteorigin-widget-tinymce textwidget\">\n\t<p style=\"text-align: center;\">Hex bolts are measured from under the head to the top of de bolt<\/p>\n<\/div>\n<\/div><\/div><\/div><div id=\"pgc-w627d66061197b-0-3\"  class=\"panel-grid-cell panel-grid-cell-empty\" ><\/div><\/div><\/div><\/div><\/div><div id=\"pgc-11054-0-2\"  class=\"panel-grid-cell panel-grid-cell-empty\" ><\/div><\/div><div id=\"pg-11054-1\"  class=\"panel-grid panel-has-style\" ><div class=\"siteorigin-panels-stretch panel-row-style panel-row-style-for-11054-1\" data-stretch-type=\"full\" ><div id=\"pgc-11054-1-0\"  class=\"panel-grid-cell\" ><div id=\"panel-11054-1-0-0\" class=\"so-panel widget widget_sow-editor panel-first-child\" data-index=\"2\" ><div class=\"so-widget-sow-editor so-widget-sow-editor-base\">\n<div class=\"siteorigin-widget-tinymce textwidget\">\n\t<h4 style=\"text-align: center; margin-top: -5px; margin-bottom: -5px;\"><span style=\"color: #ffffff;\">Nuestra experiencia desde el a\u00f1o 1986 en el suministro de<\/span><\/h4>\n<h4 style=\"text-align: center; margin-top: -5px; margin-bottom: -5px;\"><span style=\"color: #ffffff;\">insumos industriales, petroleros y petroqu\u00edmicos; nos ayud\u00f3 a desarrollar<\/span><\/h4>\n<h4 style=\"text-align: center; margin-top: -5px; margin-bottom: -5px;\"><span style=\"color: #ffffff;\">un gran v\u00ednculo con Industrias del ramo, asegurando su clase de producto.<\/span><\/h4>\n<\/div>\n<\/div><\/div><div id=\"panel-11054-1-0-1\" class=\"so-panel widget widget_sow-button panel-last-child\" data-index=\"3\" ><div class=\"so-widget-sow-button so-widget-sow-button-wire-06330324aa37-11054\"><div class=\"ow-button-base ow-button-align-center\">\n\t<a href=\"https:\/\/amesup.com\/site\/contactenos\/\" class=\"ow-icon-placement-left ow-button-hover\" \t\t>\n\t\t<span>\n\t\t\t\n\t\t\tCont\u00e1ctenos\t\t<\/span>\n\t<\/a>\n<\/div>\n<\/div><\/div><\/div><\/div><\/div><div id=\"pg-11054-2\"  class=\"panel-grid panel-no-style\" ><div id=\"pgc-11054-2-0\"  class=\"panel-grid-cell\" ><div id=\"panel-11054-2-0-0\" class=\"so-panel widget widget_sow-editor panel-first-child panel-last-child\" data-index=\"4\" ><div class=\"so-widget-sow-editor so-widget-sow-editor-base\">\n<div class=\"siteorigin-widget-tinymce textwidget\">\n\t<h2 style=\"text-align: center; margin-top: 0; margin-bottom: 0;\"><span style=\"color: #000000;\"><span style=\"color: #333333;\">Marcas que representamos<\/span><\/span><\/h2>\n<\/div>\n<\/div><\/div><\/div><\/div><div id=\"pg-11054-3\"  class=\"panel-grid panel-no-style\" ><div id=\"pgc-11054-3-0\"  class=\"panel-grid-cell\" ><div id=\"panel-11054-3-0-0\" class=\"so-panel widget widget_sow-editor panel-first-child panel-last-child\" data-index=\"5\" ><div class=\"so-widget-sow-editor so-widget-sow-editor-base\">\n<div class=\"siteorigin-widget-tinymce textwidget\">\n\t<div class=\"lswssp-wrap lswssp-logo-showcase lswssp-logo-carousel-wrap lswssp-post-data-wrap lswssp-design-1  lswssp-default-height\">\r\n\t<div class=\"lswssp-logo-carousel lswssp-logo-carousel-inr-wrap lswssp-post-data-inr-wrap lswssp-tooltip-conf lswssp-clearfix\" id=\"lswssp-logo-carousel-1\" data-conf=\"{&quot;id&quot;:&quot;10166&quot;,&quot;css_class&quot;:&quot; lswssp-default-height&quot;,&quot;display_type&quot;:&quot;slider&quot;,&quot;images&quot;:[10490,10790,10493,10491,10489,10494,10492],&quot;design&quot;:&quot;design-1&quot;,&quot;show_title&quot;:false,&quot;show_desc&quot;:false,&quot;link_target&quot;:&quot;_blank&quot;,&quot;min_height&quot;:&quot;&quot;,&quot;slides_show&quot;:5,&quot;slides_scroll&quot;:1,&quot;autoplay&quot;:true,&quot;autoplay_speed&quot;:3000,&quot;speed&quot;:500,&quot;arrow&quot;:false,&quot;dots&quot;:false,&quot;loop&quot;:true,&quot;centermode&quot;:false,&quot;center_padding&quot;:0,&quot;ipad&quot;:3,&quot;tablet&quot;:3,&quot;mobile&quot;:2,&quot;unique&quot;:1,&quot;count&quot;:0,&quot;slide_to_show&quot;:5,&quot;slide_to_show_ipad&quot;:3,&quot;slide_to_show_tablet&quot;:3,&quot;slide_to_show_mobile&quot;:2}\"><div class=\"lswssp-slide lswssp-post-10490\">\r\n\t<div class=\"lswssp-slide-inner\">\r\n\t\t<div class=\"lswssp-logo-img-wrap\">\r\n\t\t\t\t\t\t\t<img class=\"lswssp-logo-img\" src=\"https:\/\/amesup.com\/site\/wp-content\/uploads\/2022\/04\/LOGO_BF.jpg\" alt=\"\" \/>\r\n\t\t\t\t\t<\/div>\r\n\r\n\t\t\t<\/div>\r\n<\/div><div class=\"lswssp-slide lswssp-post-10790\">\r\n\t<div class=\"lswssp-slide-inner\">\r\n\t\t<div class=\"lswssp-logo-img-wrap\">\r\n\t\t\t\t\t\t\t<img class=\"lswssp-logo-img\" src=\"https:\/\/amesup.com\/site\/wp-content\/uploads\/2022\/05\/LOGO_GROTH.jpg\" alt=\"\" \/>\r\n\t\t\t\t\t<\/div>\r\n\r\n\t\t\t<\/div>\r\n<\/div><div class=\"lswssp-slide lswssp-post-10493\">\r\n\t<div class=\"lswssp-slide-inner\">\r\n\t\t<div class=\"lswssp-logo-img-wrap\">\r\n\t\t\t\t\t\t\t<img class=\"lswssp-logo-img\" src=\"https:\/\/amesup.com\/site\/wp-content\/uploads\/2022\/04\/LOGO_ULMA.jpg\" alt=\"\" \/>\r\n\t\t\t\t\t<\/div>\r\n\r\n\t\t\t<\/div>\r\n<\/div><div class=\"lswssp-slide lswssp-post-10491\">\r\n\t<div class=\"lswssp-slide-inner\">\r\n\t\t<div class=\"lswssp-logo-img-wrap\">\r\n\t\t\t\t\t\t\t<img class=\"lswssp-logo-img\" src=\"https:\/\/amesup.com\/site\/wp-content\/uploads\/2022\/04\/LOGO_BRAY.jpg\" alt=\"\" \/>\r\n\t\t\t\t\t<\/div>\r\n\r\n\t\t\t<\/div>\r\n<\/div><div class=\"lswssp-slide lswssp-post-10489\">\r\n\t<div class=\"lswssp-slide-inner\">\r\n\t\t<div class=\"lswssp-logo-img-wrap\">\r\n\t\t\t\t\t\t\t<img class=\"lswssp-logo-img\" src=\"https:\/\/amesup.com\/site\/wp-content\/uploads\/2022\/04\/LOGOS_DEL_CORTE.jpg\" alt=\"\" \/>\r\n\t\t\t\t\t<\/div>\r\n\r\n\t\t\t<\/div>\r\n<\/div><div class=\"lswssp-slide lswssp-post-10494\">\r\n\t<div class=\"lswssp-slide-inner\">\r\n\t\t<div class=\"lswssp-logo-img-wrap\">\r\n\t\t\t\t\t\t\t<img class=\"lswssp-logo-img\" src=\"https:\/\/amesup.com\/site\/wp-content\/uploads\/2022\/04\/LOGOS_APOLLO_VALVES.jpg\" alt=\"\" \/>\r\n\t\t\t\t\t<\/div>\r\n\r\n\t\t\t<\/div>\r\n<\/div><div class=\"lswssp-slide lswssp-post-10492\">\r\n\t<div class=\"lswssp-slide-inner\">\r\n\t\t<div class=\"lswssp-logo-img-wrap\">\r\n\t\t\t\t\t\t\t<img class=\"lswssp-logo-img\" src=\"https:\/\/amesup.com\/site\/wp-content\/uploads\/2022\/04\/LOGO_HI_POINT_IND.jpg\" alt=\"\" \/>\r\n\t\t\t\t\t<\/div>\r\n\r\n\t\t\t<\/div>\r\n<\/div>\t<\/div>\r\n<\/div>\n<\/div>\n<\/div><\/div><\/div><\/div><div id=\"pg-11054-4\"  class=\"panel-grid panel-has-style\" ><div class=\"siteorigin-panels-stretch panel-row-style panel-row-style-for-11054-4\" data-stretch-type=\"full\" ><div id=\"pgc-11054-4-0\"  class=\"panel-grid-cell\" ><div id=\"panel-11054-4-0-0\" class=\"so-panel widget widget_sow-image panel-first-child panel-last-child\" data-index=\"6\" ><div class=\"so-widget-sow-image so-widget-sow-image-default-4b231843ec72-10492\">\n\n<div class=\"sow-image-container\">\n\t\t<img src=\"https:\/\/amesup.com\/site\/wp-content\/uploads\/2022\/04\/ARTE_INFERIOR_HOME.png\" width=\"1261\" height=\"370\" srcset=\"https:\/\/amesup.com\/site\/wp-content\/uploads\/2022\/04\/ARTE_INFERIOR_HOME.png 1261w, https:\/\/amesup.com\/site\/wp-content\/uploads\/2022\/04\/ARTE_INFERIOR_HOME-300x88.png 300w, https:\/\/amesup.com\/site\/wp-content\/uploads\/2022\/04\/ARTE_INFERIOR_HOME-1024x300.png 1024w, https:\/\/amesup.com\/site\/wp-content\/uploads\/2022\/04\/ARTE_INFERIOR_HOME-600x176.png 600w\" sizes=\"(max-width: 1261px) 100vw, 1261px\" alt=\"\" loading=\"lazy\" \t\tclass=\"so-widget-image\"\/>\n\t<\/div>\n\n<\/div><\/div><\/div><\/div><\/div><\/div>","protected":false},"excerpt":{"rendered":"<p>Industria generaci\u00f3n Gas y Petr\u00f3leo Pernos y Tuercas para conexiones bridadas Tipos de pernos En la industria petroqu\u00edmica y qu\u00edmica para conexiones de bridas se utilizan pernos prisioneros y pernos hexagonales. El perno esp\u00e1rrago es una varilla roscada con 2 tuercas hexagonales pesadas, mientras que el perno hexagonal tiene una cabeza con una tuerca. Las [&hellip;]<\/p>\n","protected":false},"author":4,"featured_media":0,"parent":0,"menu_order":0,"comment_status":"closed","ping_status":"closed","template":"template-fullwidth.php","meta":[],"_links":{"self":[{"href":"https:\/\/amesup.com\/site\/wp-json\/wp\/v2\/pages\/11054"}],"collection":[{"href":"https:\/\/amesup.com\/site\/wp-json\/wp\/v2\/pages"}],"about":[{"href":"https:\/\/amesup.com\/site\/wp-json\/wp\/v2\/types\/page"}],"author":[{"embeddable":true,"href":"https:\/\/amesup.com\/site\/wp-json\/wp\/v2\/users\/4"}],"replies":[{"embeddable":true,"href":"https:\/\/amesup.com\/site\/wp-json\/wp\/v2\/comments?post=11054"}],"version-history":[{"count":10,"href":"https:\/\/amesup.com\/site\/wp-json\/wp\/v2\/pages\/11054\/revisions"}],"predecessor-version":[{"id":11066,"href":"https:\/\/amesup.com\/site\/wp-json\/wp\/v2\/pages\/11054\/revisions\/11066"}],"wp:attachment":[{"href":"https:\/\/amesup.com\/site\/wp-json\/wp\/v2\/media?parent=11054"}],"curies":[{"name":"wp","href":"https:\/\/api.w.org\/{rel}","templated":true}]}}