{"id":11038,"date":"2022-05-12T14:36:17","date_gmt":"2022-05-12T18:36:17","guid":{"rendered":"https:\/\/amesup.com\/site\/?page_id=11038"},"modified":"2022-05-12T15:05:32","modified_gmt":"2022-05-12T19:05:32","slug":"instrumentacion","status":"publish","type":"page","link":"https:\/\/amesup.com\/site\/instrumentacion\/","title":{"rendered":"Instrumentaci\u00f3n"},"content":{"rendered":"<div id=\"pl-11038\"  class=\"panel-layout\" ><div id=\"pg-11038-0\"  class=\"panel-grid panel-no-style\" ><div id=\"pgc-11038-0-0\"  class=\"panel-grid-cell panel-grid-cell-empty\" ><\/div><div id=\"pgc-11038-0-1\"  class=\"panel-grid-cell panel-grid-cell-mobile-last\" ><div id=\"panel-11038-0-1-0\" class=\"so-panel widget widget_siteorigin-panels-builder panel-first-child\" data-index=\"0\" ><div id=\"pl-w627d56023eec7\"  class=\"panel-layout\" ><div id=\"pg-w627d56023eec7-0\"  class=\"panel-grid panel-no-style\" ><div id=\"pgc-w627d56023eec7-0-0\"  class=\"panel-grid-cell\" ><div id=\"panel-w627d56023eec7-0-0-0\" class=\"so-panel widget widget_sow-editor panel-first-child panel-last-child\" data-index=\"0\" ><div class=\"so-widget-sow-editor so-widget-sow-editor-base\">\n<div class=\"siteorigin-widget-tinymce textwidget\">\n\t<h4 style=\"text-align: justify;\"><span style=\"color: #333333;\"><strong>Instrumentaci\u00f3n<\/strong><\/span><\/h4>\n<\/div>\n<\/div><\/div><\/div><div id=\"pgc-w627d56023eec7-0-1\"  class=\"panel-grid-cell\" ><div id=\"panel-w627d56023eec7-0-1-0\" class=\"so-panel widget widget_sow-image panel-first-child panel-last-child\" data-index=\"1\" ><div class=\"so-widget-sow-image so-widget-sow-image-default-2ec334f0a340-11038\">\n\n<div class=\"sow-image-container\">\n\t\t\t<a\n\t\t\thref=\"https:\/\/amesup.com\/site\/division-de-suministros\/\"\n\t\t\t\t\t>\n\t\t\t<img src=\"https:\/\/amesup.com\/site\/wp-content\/uploads\/2019\/07\/REGRESO.png\" width=\"45\" height=\"45\" sizes=\"(max-width: 45px) 100vw, 45px\" alt=\"\" loading=\"lazy\" \t\tclass=\"so-widget-image\"\/>\n\t<\/a><\/div>\n\n<\/div><\/div><\/div><\/div><div id=\"pg-w627d56023eec7-1\"  class=\"panel-grid panel-no-style\" ><div id=\"pgc-w627d56023eec7-1-0\"  class=\"panel-grid-cell panel-grid-cell-empty\" ><\/div><div id=\"pgc-w627d56023eec7-1-1\"  class=\"panel-grid-cell panel-grid-cell-mobile-last\" ><div id=\"panel-w627d56023eec7-1-1-0\" class=\"so-panel widget widget_sow-editor panel-first-child panel-last-child\" data-index=\"2\" ><div class=\"so-widget-sow-editor so-widget-sow-editor-base\">\n<div class=\"siteorigin-widget-tinymce textwidget\">\n\t<p style=\"text-align: justify;\">Conexiones de Instrumentaci\u00f3n a Ferrul y Doble Ferrul de Acero, Acero Inoxidable y Aleaciones Tubing de conducci\u00f3n A269 TP 304\/316\/317\/321SS, Discos de Ruptura, Medidores de Presi\u00f3n, Medidores de Temperatura, Nivel de Tanques, V\u00e1lvulas Reguladoras, V\u00e1lvulas de Control, Automatizaci\u00f3n, Actuadores, partes y Repuestos.<\/p>\n<\/div>\n<\/div><\/div><\/div><div id=\"pgc-w627d56023eec7-1-2\"  class=\"panel-grid-cell panel-grid-cell-empty\" ><\/div><\/div><\/div><\/div><div id=\"panel-11038-0-1-1\" class=\"so-panel widget widget_siteorigin-panels-builder panel-last-child\" data-index=\"1\" ><div id=\"pl-w627d5a7ca89b7\"  class=\"panel-layout\" ><div id=\"pg-w627d5a7ca89b7-0\"  class=\"panel-grid panel-no-style\" ><div id=\"pgc-w627d5a7ca89b7-0-0\"  class=\"panel-grid-cell panel-grid-cell-empty\" ><\/div><div id=\"pgc-w627d5a7ca89b7-0-1\"  class=\"panel-grid-cell\" ><div id=\"panel-w627d5a7ca89b7-0-1-0\" class=\"so-panel widget widget_sow-image panel-first-child panel-last-child\" data-index=\"0\" ><div class=\"so-widget-sow-image so-widget-sow-image-default-d6014b76747a-11038\">\n\n<div class=\"sow-image-container\">\n\t\t<img src=\"https:\/\/amesup.com\/site\/wp-content\/uploads\/2022\/05\/INSTRUMENTACION_01.jpg\" width=\"350\" height=\"222\" srcset=\"https:\/\/amesup.com\/site\/wp-content\/uploads\/2022\/05\/INSTRUMENTACION_01.jpg 350w, https:\/\/amesup.com\/site\/wp-content\/uploads\/2022\/05\/INSTRUMENTACION_01-300x190.jpg 300w\" sizes=\"(max-width: 350px) 100vw, 350px\" alt=\"\" loading=\"lazy\" \t\tclass=\"so-widget-image\"\/>\n\t<\/div>\n\n<\/div><\/div><\/div><div id=\"pgc-w627d5a7ca89b7-0-2\"  class=\"panel-grid-cell\" ><div id=\"panel-w627d5a7ca89b7-0-2-0\" class=\"so-panel widget widget_sow-image panel-first-child panel-last-child\" data-index=\"1\" ><div class=\"so-widget-sow-image so-widget-sow-image-default-d6014b76747a-11038\">\n\n<div class=\"sow-image-container\">\n\t\t<img src=\"https:\/\/amesup.com\/site\/wp-content\/uploads\/2022\/05\/INSTRUMENTACION_02.jpg\" width=\"350\" height=\"222\" srcset=\"https:\/\/amesup.com\/site\/wp-content\/uploads\/2022\/05\/INSTRUMENTACION_02.jpg 350w, https:\/\/amesup.com\/site\/wp-content\/uploads\/2022\/05\/INSTRUMENTACION_02-300x190.jpg 300w\" sizes=\"(max-width: 350px) 100vw, 350px\" alt=\"\" loading=\"lazy\" \t\tclass=\"so-widget-image\"\/>\n\t<\/div>\n\n<\/div><\/div><\/div><div id=\"pgc-w627d5a7ca89b7-0-3\"  class=\"panel-grid-cell panel-grid-cell-mobile-last\" ><div id=\"panel-w627d5a7ca89b7-0-3-0\" class=\"so-panel widget widget_sow-image panel-first-child panel-last-child\" data-index=\"2\" ><div class=\"so-widget-sow-image so-widget-sow-image-default-d6014b76747a-11038\">\n\n<div class=\"sow-image-container\">\n\t\t<img src=\"https:\/\/amesup.com\/site\/wp-content\/uploads\/2022\/05\/INSTRUMENTACION_03.jpg\" width=\"350\" height=\"222\" srcset=\"https:\/\/amesup.com\/site\/wp-content\/uploads\/2022\/05\/INSTRUMENTACION_03.jpg 350w, https:\/\/amesup.com\/site\/wp-content\/uploads\/2022\/05\/INSTRUMENTACION_03-300x190.jpg 300w\" sizes=\"(max-width: 350px) 100vw, 350px\" alt=\"\" loading=\"lazy\" \t\tclass=\"so-widget-image\"\/>\n\t<\/div>\n\n<\/div><\/div><\/div><div id=\"pgc-w627d5a7ca89b7-0-4\"  class=\"panel-grid-cell panel-grid-cell-empty\" ><\/div><\/div><\/div><\/div><\/div><div id=\"pgc-11038-0-2\"  class=\"panel-grid-cell panel-grid-cell-empty\" ><\/div><\/div><div id=\"pg-11038-1\"  class=\"panel-grid panel-has-style\" ><div class=\"siteorigin-panels-stretch panel-row-style panel-row-style-for-11038-1\" data-stretch-type=\"full\" ><div id=\"pgc-11038-1-0\"  class=\"panel-grid-cell\" ><div id=\"panel-11038-1-0-0\" class=\"so-panel widget widget_sow-editor panel-first-child\" data-index=\"2\" ><div class=\"so-widget-sow-editor so-widget-sow-editor-base\">\n<div class=\"siteorigin-widget-tinymce textwidget\">\n\t<h4 style=\"text-align: center; margin-top: -5px; margin-bottom: -5px;\"><span style=\"color: #ffffff;\">Nuestra experiencia desde el a\u00f1o 1986 en el suministro de<\/span><\/h4>\n<h4 style=\"text-align: center; margin-top: -5px; margin-bottom: -5px;\"><span style=\"color: #ffffff;\">insumos industriales, petroleros y petroqu\u00edmicos; nos ayud\u00f3 a desarrollar<\/span><\/h4>\n<h4 style=\"text-align: center; margin-top: -5px; margin-bottom: -5px;\"><span style=\"color: #ffffff;\">un gran v\u00ednculo con Industrias del ramo, asegurando su clase de producto.<\/span><\/h4>\n<\/div>\n<\/div><\/div><div id=\"panel-11038-1-0-1\" class=\"so-panel widget widget_sow-button panel-last-child\" data-index=\"3\" ><div class=\"so-widget-sow-button so-widget-sow-button-wire-06330324aa37-11038\"><div class=\"ow-button-base ow-button-align-center\">\n\t<a href=\"https:\/\/amesup.com\/site\/contactenos\/\" class=\"ow-icon-placement-left ow-button-hover\" \t\t>\n\t\t<span>\n\t\t\t\n\t\t\tCont\u00e1ctenos\t\t<\/span>\n\t<\/a>\n<\/div>\n<\/div><\/div><\/div><\/div><\/div><div id=\"pg-11038-2\"  class=\"panel-grid panel-no-style\" ><div id=\"pgc-11038-2-0\"  class=\"panel-grid-cell\" ><div id=\"panel-11038-2-0-0\" class=\"so-panel widget widget_sow-editor panel-first-child panel-last-child\" data-index=\"4\" ><div class=\"so-widget-sow-editor so-widget-sow-editor-base\">\n<div class=\"siteorigin-widget-tinymce textwidget\">\n\t<h2 style=\"text-align: center; margin-top: 0; margin-bottom: 0;\"><span style=\"color: #000000;\"><span style=\"color: #333333;\">Marcas que representamos<\/span><\/span><\/h2>\n<\/div>\n<\/div><\/div><\/div><\/div><div id=\"pg-11038-3\"  class=\"panel-grid panel-no-style\" ><div id=\"pgc-11038-3-0\"  class=\"panel-grid-cell\" ><div id=\"panel-11038-3-0-0\" class=\"so-panel widget widget_sow-editor panel-first-child panel-last-child\" data-index=\"5\" ><div class=\"so-widget-sow-editor so-widget-sow-editor-base\">\n<div class=\"siteorigin-widget-tinymce textwidget\">\n\t<div class=\"lswssp-wrap lswssp-logo-showcase lswssp-logo-carousel-wrap lswssp-post-data-wrap lswssp-design-1  lswssp-default-height\">\r\n\t<div class=\"lswssp-logo-carousel lswssp-logo-carousel-inr-wrap lswssp-post-data-inr-wrap lswssp-tooltip-conf lswssp-clearfix\" id=\"lswssp-logo-carousel-1\" data-conf=\"{&quot;id&quot;:&quot;10166&quot;,&quot;css_class&quot;:&quot; lswssp-default-height&quot;,&quot;display_type&quot;:&quot;slider&quot;,&quot;images&quot;:[10490,10790,10493,10491,10489,10494,10492],&quot;design&quot;:&quot;design-1&quot;,&quot;show_title&quot;:false,&quot;show_desc&quot;:false,&quot;link_target&quot;:&quot;_blank&quot;,&quot;min_height&quot;:&quot;&quot;,&quot;slides_show&quot;:5,&quot;slides_scroll&quot;:1,&quot;autoplay&quot;:true,&quot;autoplay_speed&quot;:3000,&quot;speed&quot;:500,&quot;arrow&quot;:false,&quot;dots&quot;:false,&quot;loop&quot;:true,&quot;centermode&quot;:false,&quot;center_padding&quot;:0,&quot;ipad&quot;:3,&quot;tablet&quot;:3,&quot;mobile&quot;:2,&quot;unique&quot;:1,&quot;count&quot;:0,&quot;slide_to_show&quot;:5,&quot;slide_to_show_ipad&quot;:3,&quot;slide_to_show_tablet&quot;:3,&quot;slide_to_show_mobile&quot;:2}\"><div class=\"lswssp-slide lswssp-post-10490\">\r\n\t<div class=\"lswssp-slide-inner\">\r\n\t\t<div class=\"lswssp-logo-img-wrap\">\r\n\t\t\t\t\t\t\t<img class=\"lswssp-logo-img\" src=\"https:\/\/amesup.com\/site\/wp-content\/uploads\/2022\/04\/LOGO_BF.jpg\" alt=\"\" \/>\r\n\t\t\t\t\t<\/div>\r\n\r\n\t\t\t<\/div>\r\n<\/div><div class=\"lswssp-slide lswssp-post-10790\">\r\n\t<div class=\"lswssp-slide-inner\">\r\n\t\t<div class=\"lswssp-logo-img-wrap\">\r\n\t\t\t\t\t\t\t<img class=\"lswssp-logo-img\" src=\"https:\/\/amesup.com\/site\/wp-content\/uploads\/2022\/05\/LOGO_GROTH.jpg\" alt=\"\" \/>\r\n\t\t\t\t\t<\/div>\r\n\r\n\t\t\t<\/div>\r\n<\/div><div class=\"lswssp-slide lswssp-post-10493\">\r\n\t<div class=\"lswssp-slide-inner\">\r\n\t\t<div class=\"lswssp-logo-img-wrap\">\r\n\t\t\t\t\t\t\t<img class=\"lswssp-logo-img\" src=\"https:\/\/amesup.com\/site\/wp-content\/uploads\/2022\/04\/LOGO_ULMA.jpg\" alt=\"\" \/>\r\n\t\t\t\t\t<\/div>\r\n\r\n\t\t\t<\/div>\r\n<\/div><div class=\"lswssp-slide lswssp-post-10491\">\r\n\t<div class=\"lswssp-slide-inner\">\r\n\t\t<div class=\"lswssp-logo-img-wrap\">\r\n\t\t\t\t\t\t\t<img class=\"lswssp-logo-img\" src=\"https:\/\/amesup.com\/site\/wp-content\/uploads\/2022\/04\/LOGO_BRAY.jpg\" alt=\"\" \/>\r\n\t\t\t\t\t<\/div>\r\n\r\n\t\t\t<\/div>\r\n<\/div><div class=\"lswssp-slide lswssp-post-10489\">\r\n\t<div class=\"lswssp-slide-inner\">\r\n\t\t<div class=\"lswssp-logo-img-wrap\">\r\n\t\t\t\t\t\t\t<img class=\"lswssp-logo-img\" src=\"https:\/\/amesup.com\/site\/wp-content\/uploads\/2022\/04\/LOGOS_DEL_CORTE.jpg\" alt=\"\" \/>\r\n\t\t\t\t\t<\/div>\r\n\r\n\t\t\t<\/div>\r\n<\/div><div class=\"lswssp-slide lswssp-post-10494\">\r\n\t<div class=\"lswssp-slide-inner\">\r\n\t\t<div class=\"lswssp-logo-img-wrap\">\r\n\t\t\t\t\t\t\t<img class=\"lswssp-logo-img\" src=\"https:\/\/amesup.com\/site\/wp-content\/uploads\/2022\/04\/LOGOS_APOLLO_VALVES.jpg\" alt=\"\" \/>\r\n\t\t\t\t\t<\/div>\r\n\r\n\t\t\t<\/div>\r\n<\/div><div class=\"lswssp-slide lswssp-post-10492\">\r\n\t<div class=\"lswssp-slide-inner\">\r\n\t\t<div class=\"lswssp-logo-img-wrap\">\r\n\t\t\t\t\t\t\t<img class=\"lswssp-logo-img\" src=\"https:\/\/amesup.com\/site\/wp-content\/uploads\/2022\/04\/LOGO_HI_POINT_IND.jpg\" alt=\"\" \/>\r\n\t\t\t\t\t<\/div>\r\n\r\n\t\t\t<\/div>\r\n<\/div>\t<\/div>\r\n<\/div>\n<\/div>\n<\/div><\/div><\/div><\/div><div id=\"pg-11038-4\"  class=\"panel-grid panel-has-style\" ><div class=\"siteorigin-panels-stretch panel-row-style panel-row-style-for-11038-4\" data-stretch-type=\"full\" ><div id=\"pgc-11038-4-0\"  class=\"panel-grid-cell\" ><div id=\"panel-11038-4-0-0\" class=\"so-panel widget widget_sow-image panel-first-child panel-last-child\" data-index=\"6\" ><div class=\"so-widget-sow-image so-widget-sow-image-default-4b231843ec72-10492\">\n\n<div class=\"sow-image-container\">\n\t\t<img src=\"https:\/\/amesup.com\/site\/wp-content\/uploads\/2022\/04\/ARTE_INFERIOR_HOME.png\" width=\"1261\" height=\"370\" srcset=\"https:\/\/amesup.com\/site\/wp-content\/uploads\/2022\/04\/ARTE_INFERIOR_HOME.png 1261w, https:\/\/amesup.com\/site\/wp-content\/uploads\/2022\/04\/ARTE_INFERIOR_HOME-300x88.png 300w, https:\/\/amesup.com\/site\/wp-content\/uploads\/2022\/04\/ARTE_INFERIOR_HOME-1024x300.png 1024w, https:\/\/amesup.com\/site\/wp-content\/uploads\/2022\/04\/ARTE_INFERIOR_HOME-600x176.png 600w\" sizes=\"(max-width: 1261px) 100vw, 1261px\" alt=\"\" loading=\"lazy\" \t\tclass=\"so-widget-image\"\/>\n\t<\/div>\n\n<\/div><\/div><\/div><\/div><\/div><\/div>","protected":false},"excerpt":{"rendered":"<p>Instrumentaci\u00f3n Conexiones de Instrumentaci\u00f3n a Ferrul y Doble Ferrul de Acero, Acero Inoxidable y Aleaciones Tubing de conducci\u00f3n A269 TP 304\/316\/317\/321SS, Discos de Ruptura, Medidores de Presi\u00f3n, Medidores de Temperatura, Nivel de Tanques, V\u00e1lvulas Reguladoras, V\u00e1lvulas de Control, Automatizaci\u00f3n, Actuadores, partes y Repuestos. Nuestra experiencia desde el a\u00f1o 1986 en el suministro de insumos industriales, [&hellip;]<\/p>\n","protected":false},"author":4,"featured_media":0,"parent":0,"menu_order":0,"comment_status":"closed","ping_status":"closed","template":"template-fullwidth.php","meta":[],"_links":{"self":[{"href":"https:\/\/amesup.com\/site\/wp-json\/wp\/v2\/pages\/11038"}],"collection":[{"href":"https:\/\/amesup.com\/site\/wp-json\/wp\/v2\/pages"}],"about":[{"href":"https:\/\/amesup.com\/site\/wp-json\/wp\/v2\/types\/page"}],"author":[{"embeddable":true,"href":"https:\/\/amesup.com\/site\/wp-json\/wp\/v2\/users\/4"}],"replies":[{"embeddable":true,"href":"https:\/\/amesup.com\/site\/wp-json\/wp\/v2\/comments?post=11038"}],"version-history":[{"count":11,"href":"https:\/\/amesup.com\/site\/wp-json\/wp\/v2\/pages\/11038\/revisions"}],"predecessor-version":[{"id":11052,"href":"https:\/\/amesup.com\/site\/wp-json\/wp\/v2\/pages\/11038\/revisions\/11052"}],"wp:attachment":[{"href":"https:\/\/amesup.com\/site\/wp-json\/wp\/v2\/media?parent=11038"}],"curies":[{"name":"wp","href":"https:\/\/api.w.org\/{rel}","templated":true}]}}