{"id":11001,"date":"2022-05-12T13:12:54","date_gmt":"2022-05-12T17:12:54","guid":{"rendered":"https:\/\/amesup.com\/site\/?page_id=11001"},"modified":"2022-05-12T14:10:09","modified_gmt":"2022-05-12T18:10:09","slug":"equipos-para-tanques-almacenamiento-crudos","status":"publish","type":"page","link":"https:\/\/amesup.com\/site\/equipos-para-tanques-almacenamiento-crudos\/","title":{"rendered":"Equipos para Tanques de Almacenamiento de Crudos"},"content":{"rendered":"<div id=\"pl-11001\"  class=\"panel-layout\" ><div id=\"pg-11001-0\"  class=\"panel-grid panel-no-style\" ><div id=\"pgc-11001-0-0\"  class=\"panel-grid-cell panel-grid-cell-empty\" ><\/div><div id=\"pgc-11001-0-1\"  class=\"panel-grid-cell panel-grid-cell-mobile-last\" ><div id=\"panel-11001-0-1-0\" class=\"so-panel widget widget_siteorigin-panels-builder panel-first-child\" data-index=\"0\" ><div id=\"pl-w627d4584c5404\"  class=\"panel-layout\" ><div id=\"pg-w627d4584c5404-0\"  class=\"panel-grid panel-no-style\" ><div id=\"pgc-w627d4584c5404-0-0\"  class=\"panel-grid-cell\" ><div id=\"panel-w627d4584c5404-0-0-0\" class=\"so-panel widget widget_sow-editor panel-first-child panel-last-child\" data-index=\"0\" ><div class=\"so-widget-sow-editor so-widget-sow-editor-base\">\n<div class=\"siteorigin-widget-tinymce textwidget\">\n\t<h4 style=\"text-align: justify;\"><span style=\"color: #333333;\"><strong>Equipos para Tanques de Almacenamiento de Crudos.<\/strong><\/span><\/h4>\n<\/div>\n<\/div><\/div><\/div><div id=\"pgc-w627d4584c5404-0-1\"  class=\"panel-grid-cell\" ><div id=\"panel-w627d4584c5404-0-1-0\" class=\"so-panel widget widget_sow-image panel-first-child panel-last-child\" data-index=\"1\" ><div class=\"so-widget-sow-image so-widget-sow-image-default-2ec334f0a340-11001\">\n\n<div class=\"sow-image-container\">\n\t\t\t<a\n\t\t\thref=\"https:\/\/amesup.com\/site\/division-de-suministros\/\"\n\t\t\t\t\t>\n\t\t\t<img src=\"https:\/\/amesup.com\/site\/wp-content\/uploads\/2019\/07\/REGRESO.png\" width=\"45\" height=\"45\" sizes=\"(max-width: 45px) 100vw, 45px\" alt=\"\" loading=\"lazy\" \t\tclass=\"so-widget-image\"\/>\n\t<\/a><\/div>\n\n<\/div><\/div><\/div><\/div><div id=\"pg-w627d4584c5404-1\"  class=\"panel-grid panel-no-style\" ><div id=\"pgc-w627d4584c5404-1-0\"  class=\"panel-grid-cell panel-grid-cell-empty\" ><\/div><div id=\"pgc-w627d4584c5404-1-1\"  class=\"panel-grid-cell panel-grid-cell-mobile-last\" ><div id=\"panel-w627d4584c5404-1-1-0\" class=\"so-panel widget widget_sow-editor panel-first-child panel-last-child\" data-index=\"2\" ><div class=\"so-widget-sow-editor so-widget-sow-editor-base\">\n<div class=\"siteorigin-widget-tinymce textwidget\">\n\t<p style=\"text-align: justify;\">V\u00e1lvulas de alivio, control de llamas, ventilaciones, escotillas, soluciones de biog\u00e1s y m\u00e1s: ofrecemos una l\u00ednea diversa de productos industriales y los medios para entregarlos r\u00e1pidamente.<\/p>\n<\/div>\n<\/div><\/div><\/div><div id=\"pgc-w627d4584c5404-1-2\"  class=\"panel-grid-cell panel-grid-cell-empty\" ><\/div><\/div><\/div><\/div><div id=\"panel-11001-0-1-1\" class=\"so-panel widget widget_siteorigin-panels-builder panel-last-child\" data-index=\"1\" ><div id=\"pl-w627d4d8175cc3\"  class=\"panel-layout\" ><div id=\"pg-w627d4d8175cc3-0\"  class=\"panel-grid panel-no-style\" ><div id=\"pgc-w627d4d8175cc3-0-0\"  class=\"panel-grid-cell\" ><div id=\"panel-w627d4d8175cc3-0-0-0\" class=\"so-panel widget widget_sow-editor panel-first-child panel-last-child\" data-index=\"0\" ><div class=\"so-widget-sow-editor so-widget-sow-editor-base\">\n<div class=\"siteorigin-widget-tinymce textwidget\">\n\t<h4 style=\"text-align: justify;\"><img loading=\"lazy\" class=\"size-full wp-image-11014 alignright\" src=\"https:\/\/amesup.com\/site\/wp-content\/uploads\/2022\/05\/GROTH_01.jpg\" alt=\"\" width=\"350\" height=\"222\" srcset=\"https:\/\/amesup.com\/site\/wp-content\/uploads\/2022\/05\/GROTH_01.jpg 350w, https:\/\/amesup.com\/site\/wp-content\/uploads\/2022\/05\/GROTH_01-300x190.jpg 300w\" sizes=\"(max-width: 350px) 100vw, 350px\" \/>V\u00e1lvulas de alivio de GROTH<\/h4>\n<p style=\"text-align: justify;\">T\u00e9cnicos de prueba altamente capacitados ejecutan cada modelo de v\u00e1lvula GROTH a trav\u00e9s de nuestro Laboratorio de prueba de flujo certificado por TUV, donde est\u00e1n certificados en el sitio con supervisi\u00f3n de terceros, porque su seguridad es nuestra primera prioridad. Nuestro objetivo es brindarle la m\u00e1xima confianza en la precisi\u00f3n y confiabilidad de las v\u00e1lvulas GROTH.<\/p>\n<\/div>\n<\/div><\/div><\/div><div id=\"pgc-w627d4d8175cc3-0-1\"  class=\"panel-grid-cell\" ><div id=\"panel-w627d4d8175cc3-0-1-0\" class=\"so-panel widget widget_sow-editor panel-first-child panel-last-child\" data-index=\"1\" ><div class=\"so-widget-sow-editor so-widget-sow-editor-base\">\n<div class=\"siteorigin-widget-tinymce textwidget\">\n\t<h4 style=\"text-align: justify;\"><img loading=\"lazy\" class=\"size-full wp-image-11018 alignright\" src=\"https:\/\/amesup.com\/site\/wp-content\/uploads\/2022\/05\/GROTH_02.jpg\" alt=\"\" width=\"350\" height=\"222\" srcset=\"https:\/\/amesup.com\/site\/wp-content\/uploads\/2022\/05\/GROTH_02.jpg 350w, https:\/\/amesup.com\/site\/wp-content\/uploads\/2022\/05\/GROTH_02-300x190.jpg 300w\" sizes=\"(max-width: 350px) 100vw, 350px\" \/>Apaga llamas de GROTH.<\/h4>\n<p style=\"text-align: justify;\">Nos tomamos en serio el dise\u00f1o de productos. A lo largo del proceso de dise\u00f1o, los modelos GROTH se someten a pruebas meticulosas para cumplir con las normas ISO 16852. Ya sea que necesite certificaci\u00f3n en l\u00ednea, horizontal, ATEX o USCG, puede contar con descargadores GROTH para proteger sus instalaciones y sus resultados.<\/p>\n<\/div>\n<\/div><\/div><\/div><\/div><div id=\"pg-w627d4d8175cc3-1\"  class=\"panel-grid panel-no-style\" ><div id=\"pgc-w627d4d8175cc3-1-0\"  class=\"panel-grid-cell\" ><div id=\"panel-w627d4d8175cc3-1-0-0\" class=\"so-panel widget widget_sow-editor panel-first-child panel-last-child\" data-index=\"2\" ><div class=\"so-widget-sow-editor so-widget-sow-editor-base\">\n<div class=\"siteorigin-widget-tinymce textwidget\">\n\t<h4 style=\"text-align: justify;\"><img loading=\"lazy\" class=\"size-full wp-image-11022 alignright\" src=\"https:\/\/amesup.com\/site\/wp-content\/uploads\/2022\/05\/GROTH_03.jpg\" alt=\"\" width=\"350\" height=\"222\" srcset=\"https:\/\/amesup.com\/site\/wp-content\/uploads\/2022\/05\/GROTH_03.jpg 350w, https:\/\/amesup.com\/site\/wp-content\/uploads\/2022\/05\/GROTH_03-300x190.jpg 300w\" sizes=\"(max-width: 350px) 100vw, 350px\" \/>Soluciones de biog\u00e1s fiables y vers\u00e1tiles.<\/h4>\n<p style=\"text-align: justify;\">GROTH Corporation comprende que la flexibilidad en la selecci\u00f3n y el dise\u00f1o de procesos son fundamentales para mantener su sistema seguro, por lo que dise\u00f1amos nuestros productos para respaldar sus instalaciones y procesos de tratamiento \u00fanicos. Municipal, agr\u00edcola, vertedero o alimentos y bebidas: sin importar su industria o especialidad, tenemos los productos de control de biog\u00e1s que necesita.<\/p>\n<\/div>\n<\/div><\/div><\/div><div id=\"pgc-w627d4d8175cc3-1-1\"  class=\"panel-grid-cell\" ><div id=\"panel-w627d4d8175cc3-1-1-0\" class=\"so-panel widget widget_sow-editor panel-first-child panel-last-child\" data-index=\"3\" ><div class=\"so-widget-sow-editor so-widget-sow-editor-base\">\n<div class=\"siteorigin-widget-tinymce textwidget\">\n\t<h4><img loading=\"lazy\" class=\"size-full wp-image-11025 alignright\" src=\"https:\/\/amesup.com\/site\/wp-content\/uploads\/2022\/05\/GROTH_04.jpg\" alt=\"\" width=\"350\" height=\"222\" srcset=\"https:\/\/amesup.com\/site\/wp-content\/uploads\/2022\/05\/GROTH_04.jpg 350w, https:\/\/amesup.com\/site\/wp-content\/uploads\/2022\/05\/GROTH_04-300x190.jpg 300w\" sizes=\"(max-width: 350px) 100vw, 350px\" \/>V\u00e1lvula de alivio de vac\u00edo de presi\u00f3n de emergencia, cargada con peso.<\/h4>\n<p style=\"text-align: justify;\">La v\u00e1lvula de alivio de vac\u00edo de presi\u00f3n de emergencia de Groth est\u00e1 dise\u00f1ada para proporcionar una capacidad de alivio de emergencia superior a la proporcionada por las v\u00e1lvulas de alivio de presi\u00f3n o vac\u00edo de funcionamiento normal en el tanque. La v\u00e1lvula protege el tanque contra la ruptura, explosi\u00f3n o implosi\u00f3n que podr\u00eda resultar de presiones internas excesivas o condiciones de vac\u00edo causadas por un incendio o un vaciado r\u00e1pido del tanque. A medida que se acumula una presi\u00f3n excesiva, libera y vuelve a asentar cuando se disipa la sobrepresi\u00f3n.<\/p>\n<\/div>\n<\/div><\/div><\/div><\/div><\/div><\/div><\/div><div id=\"pgc-11001-0-2\"  class=\"panel-grid-cell panel-grid-cell-empty\" ><\/div><\/div><div id=\"pg-11001-1\"  class=\"panel-grid panel-has-style\" ><div class=\"siteorigin-panels-stretch panel-row-style panel-row-style-for-11001-1\" data-stretch-type=\"full\" ><div id=\"pgc-11001-1-0\"  class=\"panel-grid-cell\" ><div id=\"panel-11001-1-0-0\" class=\"so-panel widget widget_sow-editor panel-first-child\" data-index=\"2\" ><div class=\"so-widget-sow-editor so-widget-sow-editor-base\">\n<div class=\"siteorigin-widget-tinymce textwidget\">\n\t<h4 style=\"text-align: center; margin-top: -5px; margin-bottom: -5px;\"><span style=\"color: #ffffff;\">Nuestra experiencia desde el a\u00f1o 1986 en el suministro de<\/span><\/h4>\n<h4 style=\"text-align: center; margin-top: -5px; margin-bottom: -5px;\"><span style=\"color: #ffffff;\">insumos industriales, petroleros y petroqu\u00edmicos; nos ayud\u00f3 a desarrollar<\/span><\/h4>\n<h4 style=\"text-align: center; margin-top: -5px; margin-bottom: -5px;\"><span style=\"color: #ffffff;\">un gran v\u00ednculo con Industrias del ramo, asegurando su clase de producto.<\/span><\/h4>\n<\/div>\n<\/div><\/div><div id=\"panel-11001-1-0-1\" class=\"so-panel widget widget_sow-button panel-last-child\" data-index=\"3\" ><div class=\"so-widget-sow-button so-widget-sow-button-wire-06330324aa37-11001\"><div class=\"ow-button-base ow-button-align-center\">\n\t<a href=\"https:\/\/amesup.com\/site\/contactenos\/\" class=\"ow-icon-placement-left ow-button-hover\" \t\t>\n\t\t<span>\n\t\t\t\n\t\t\tCont\u00e1ctenos\t\t<\/span>\n\t<\/a>\n<\/div>\n<\/div><\/div><\/div><\/div><\/div><div id=\"pg-11001-2\"  class=\"panel-grid panel-no-style\" ><div id=\"pgc-11001-2-0\"  class=\"panel-grid-cell\" ><div id=\"panel-11001-2-0-0\" class=\"so-panel widget widget_sow-editor panel-first-child panel-last-child\" data-index=\"4\" ><div class=\"so-widget-sow-editor so-widget-sow-editor-base\">\n<div class=\"siteorigin-widget-tinymce textwidget\">\n\t<h2 style=\"text-align: center; margin-top: 0; margin-bottom: 0;\"><span style=\"color: #000000;\"><span style=\"color: #333333;\">Marcas que representamos<\/span><\/span><\/h2>\n<\/div>\n<\/div><\/div><\/div><\/div><div id=\"pg-11001-3\"  class=\"panel-grid panel-no-style\" ><div id=\"pgc-11001-3-0\"  class=\"panel-grid-cell\" ><div id=\"panel-11001-3-0-0\" class=\"so-panel widget widget_sow-editor panel-first-child panel-last-child\" data-index=\"5\" ><div class=\"so-widget-sow-editor so-widget-sow-editor-base\">\n<div class=\"siteorigin-widget-tinymce textwidget\">\n\t<div class=\"lswssp-wrap lswssp-logo-showcase lswssp-logo-carousel-wrap lswssp-post-data-wrap lswssp-design-1  lswssp-default-height\">\r\n\t<div class=\"lswssp-logo-carousel lswssp-logo-carousel-inr-wrap lswssp-post-data-inr-wrap lswssp-tooltip-conf lswssp-clearfix\" id=\"lswssp-logo-carousel-1\" data-conf=\"{&quot;id&quot;:&quot;10166&quot;,&quot;css_class&quot;:&quot; lswssp-default-height&quot;,&quot;display_type&quot;:&quot;slider&quot;,&quot;images&quot;:[10490,10790,10493,10491,10489,10494,10492],&quot;design&quot;:&quot;design-1&quot;,&quot;show_title&quot;:false,&quot;show_desc&quot;:false,&quot;link_target&quot;:&quot;_blank&quot;,&quot;min_height&quot;:&quot;&quot;,&quot;slides_show&quot;:5,&quot;slides_scroll&quot;:1,&quot;autoplay&quot;:true,&quot;autoplay_speed&quot;:3000,&quot;speed&quot;:500,&quot;arrow&quot;:false,&quot;dots&quot;:false,&quot;loop&quot;:true,&quot;centermode&quot;:false,&quot;center_padding&quot;:0,&quot;ipad&quot;:3,&quot;tablet&quot;:3,&quot;mobile&quot;:2,&quot;unique&quot;:1,&quot;count&quot;:0,&quot;slide_to_show&quot;:5,&quot;slide_to_show_ipad&quot;:3,&quot;slide_to_show_tablet&quot;:3,&quot;slide_to_show_mobile&quot;:2}\"><div class=\"lswssp-slide lswssp-post-10490\">\r\n\t<div class=\"lswssp-slide-inner\">\r\n\t\t<div class=\"lswssp-logo-img-wrap\">\r\n\t\t\t\t\t\t\t<img class=\"lswssp-logo-img\" src=\"https:\/\/amesup.com\/site\/wp-content\/uploads\/2022\/04\/LOGO_BF.jpg\" alt=\"\" \/>\r\n\t\t\t\t\t<\/div>\r\n\r\n\t\t\t<\/div>\r\n<\/div><div class=\"lswssp-slide lswssp-post-10790\">\r\n\t<div class=\"lswssp-slide-inner\">\r\n\t\t<div class=\"lswssp-logo-img-wrap\">\r\n\t\t\t\t\t\t\t<img class=\"lswssp-logo-img\" src=\"https:\/\/amesup.com\/site\/wp-content\/uploads\/2022\/05\/LOGO_GROTH.jpg\" alt=\"\" \/>\r\n\t\t\t\t\t<\/div>\r\n\r\n\t\t\t<\/div>\r\n<\/div><div class=\"lswssp-slide lswssp-post-10493\">\r\n\t<div class=\"lswssp-slide-inner\">\r\n\t\t<div class=\"lswssp-logo-img-wrap\">\r\n\t\t\t\t\t\t\t<img class=\"lswssp-logo-img\" src=\"https:\/\/amesup.com\/site\/wp-content\/uploads\/2022\/04\/LOGO_ULMA.jpg\" alt=\"\" \/>\r\n\t\t\t\t\t<\/div>\r\n\r\n\t\t\t<\/div>\r\n<\/div><div class=\"lswssp-slide lswssp-post-10491\">\r\n\t<div class=\"lswssp-slide-inner\">\r\n\t\t<div class=\"lswssp-logo-img-wrap\">\r\n\t\t\t\t\t\t\t<img class=\"lswssp-logo-img\" src=\"https:\/\/amesup.com\/site\/wp-content\/uploads\/2022\/04\/LOGO_BRAY.jpg\" alt=\"\" \/>\r\n\t\t\t\t\t<\/div>\r\n\r\n\t\t\t<\/div>\r\n<\/div><div class=\"lswssp-slide lswssp-post-10489\">\r\n\t<div class=\"lswssp-slide-inner\">\r\n\t\t<div class=\"lswssp-logo-img-wrap\">\r\n\t\t\t\t\t\t\t<img class=\"lswssp-logo-img\" src=\"https:\/\/amesup.com\/site\/wp-content\/uploads\/2022\/04\/LOGOS_DEL_CORTE.jpg\" alt=\"\" \/>\r\n\t\t\t\t\t<\/div>\r\n\r\n\t\t\t<\/div>\r\n<\/div><div class=\"lswssp-slide lswssp-post-10494\">\r\n\t<div class=\"lswssp-slide-inner\">\r\n\t\t<div class=\"lswssp-logo-img-wrap\">\r\n\t\t\t\t\t\t\t<img class=\"lswssp-logo-img\" src=\"https:\/\/amesup.com\/site\/wp-content\/uploads\/2022\/04\/LOGOS_APOLLO_VALVES.jpg\" alt=\"\" \/>\r\n\t\t\t\t\t<\/div>\r\n\r\n\t\t\t<\/div>\r\n<\/div><div class=\"lswssp-slide lswssp-post-10492\">\r\n\t<div class=\"lswssp-slide-inner\">\r\n\t\t<div class=\"lswssp-logo-img-wrap\">\r\n\t\t\t\t\t\t\t<img class=\"lswssp-logo-img\" src=\"https:\/\/amesup.com\/site\/wp-content\/uploads\/2022\/04\/LOGO_HI_POINT_IND.jpg\" alt=\"\" \/>\r\n\t\t\t\t\t<\/div>\r\n\r\n\t\t\t<\/div>\r\n<\/div>\t<\/div>\r\n<\/div>\n<\/div>\n<\/div><\/div><\/div><\/div><div id=\"pg-11001-4\"  class=\"panel-grid panel-has-style\" ><div class=\"siteorigin-panels-stretch panel-row-style panel-row-style-for-11001-4\" data-stretch-type=\"full\" ><div id=\"pgc-11001-4-0\"  class=\"panel-grid-cell\" ><div id=\"panel-11001-4-0-0\" class=\"so-panel widget widget_sow-image panel-first-child panel-last-child\" data-index=\"6\" ><div class=\"so-widget-sow-image so-widget-sow-image-default-4b231843ec72-10492\">\n\n<div class=\"sow-image-container\">\n\t\t<img src=\"https:\/\/amesup.com\/site\/wp-content\/uploads\/2022\/04\/ARTE_INFERIOR_HOME.png\" width=\"1261\" height=\"370\" srcset=\"https:\/\/amesup.com\/site\/wp-content\/uploads\/2022\/04\/ARTE_INFERIOR_HOME.png 1261w, https:\/\/amesup.com\/site\/wp-content\/uploads\/2022\/04\/ARTE_INFERIOR_HOME-300x88.png 300w, https:\/\/amesup.com\/site\/wp-content\/uploads\/2022\/04\/ARTE_INFERIOR_HOME-1024x300.png 1024w, https:\/\/amesup.com\/site\/wp-content\/uploads\/2022\/04\/ARTE_INFERIOR_HOME-600x176.png 600w\" sizes=\"(max-width: 1261px) 100vw, 1261px\" alt=\"\" loading=\"lazy\" \t\tclass=\"so-widget-image\"\/>\n\t<\/div>\n\n<\/div><\/div><\/div><\/div><\/div><\/div>","protected":false},"excerpt":{"rendered":"<p>Equipos para Tanques de Almacenamiento de Crudos. V\u00e1lvulas de alivio, control de llamas, ventilaciones, escotillas, soluciones de biog\u00e1s y m\u00e1s: ofrecemos una l\u00ednea diversa de productos industriales y los medios para entregarlos r\u00e1pidamente. V\u00e1lvulas de alivio de GROTH T\u00e9cnicos de prueba altamente capacitados ejecutan cada modelo de v\u00e1lvula GROTH a trav\u00e9s de nuestro Laboratorio de [&hellip;]<\/p>\n","protected":false},"author":4,"featured_media":0,"parent":0,"menu_order":0,"comment_status":"closed","ping_status":"closed","template":"template-fullwidth.php","meta":[],"_links":{"self":[{"href":"https:\/\/amesup.com\/site\/wp-json\/wp\/v2\/pages\/11001"}],"collection":[{"href":"https:\/\/amesup.com\/site\/wp-json\/wp\/v2\/pages"}],"about":[{"href":"https:\/\/amesup.com\/site\/wp-json\/wp\/v2\/types\/page"}],"author":[{"embeddable":true,"href":"https:\/\/amesup.com\/site\/wp-json\/wp\/v2\/users\/4"}],"replies":[{"embeddable":true,"href":"https:\/\/amesup.com\/site\/wp-json\/wp\/v2\/comments?post=11001"}],"version-history":[{"count":21,"href":"https:\/\/amesup.com\/site\/wp-json\/wp\/v2\/pages\/11001\/revisions"}],"predecessor-version":[{"id":11026,"href":"https:\/\/amesup.com\/site\/wp-json\/wp\/v2\/pages\/11001\/revisions\/11026"}],"wp:attachment":[{"href":"https:\/\/amesup.com\/site\/wp-json\/wp\/v2\/media?parent=11001"}],"curies":[{"name":"wp","href":"https:\/\/api.w.org\/{rel}","templated":true}]}}