{"id":10748,"date":"2022-05-03T10:21:00","date_gmt":"2022-05-03T14:21:00","guid":{"rendered":"https:\/\/amesup.com\/site\/?page_id=10748"},"modified":"2022-05-20T11:48:23","modified_gmt":"2022-05-20T15:48:23","slug":"division-de-contratos","status":"publish","type":"page","link":"https:\/\/amesup.com\/site\/division-de-contratos\/","title":{"rendered":"Divisi\u00f3n de Contratos"},"content":{"rendered":"<div id=\"pl-10748\"  class=\"panel-layout\" ><div id=\"pg-10748-0\"  class=\"panel-grid panel-no-style\" ><div id=\"pgc-10748-0-0\"  class=\"panel-grid-cell panel-grid-cell-empty\" ><\/div><div id=\"pgc-10748-0-1\"  class=\"panel-grid-cell panel-grid-cell-mobile-last\" ><div id=\"panel-10748-0-1-0\" class=\"so-panel widget widget_sow-editor panel-first-child\" data-index=\"0\" ><div class=\"so-widget-sow-editor so-widget-sow-editor-base\">\n<div class=\"siteorigin-widget-tinymce textwidget\">\n\t<h4 style=\"text-align: justify;\"><span style=\"color: #333333;\"><strong>Divisi\u00f3n de Contratos<\/strong><\/span><\/h4>\n<\/div>\n<\/div><\/div><div id=\"panel-10748-0-1-1\" class=\"so-panel widget widget_siteorigin-panels-builder panel-last-child\" data-index=\"1\" ><div id=\"pl-w6287b847da35e\"  class=\"panel-layout\" ><div id=\"pg-w6287b847da35e-0\"  class=\"panel-grid panel-no-style\" ><div id=\"pgc-w6287b847da35e-0-0\"  class=\"panel-grid-cell panel-grid-cell-empty\" ><\/div><div id=\"pgc-w6287b847da35e-0-1\"  class=\"panel-grid-cell panel-grid-cell-mobile-last\" ><div id=\"panel-w6287b847da35e-0-1-0\" class=\"so-panel widget widget_sow-editor panel-first-child panel-last-child\" data-index=\"0\" ><div class=\"so-widget-sow-editor so-widget-sow-editor-base\">\n<div class=\"siteorigin-widget-tinymce textwidget\">\n\t<h4>Tanques de Almacenamiento de Crudos<\/h4>\n<ul>\n<li>Construcci\u00f3n.<\/li>\n<li>Reparaci\u00f3n.<\/li>\n<li>Limpieza.<\/li>\n<li>Mantenimiento.<\/li>\n<li style=\"text-align: justify;\">Automatizaci\u00f3n.<\/li>\n<\/ul>\n<p style=\"text-align: center;\"><img loading=\"lazy\" class=\"aligncenter wp-image-10758 size-full\" style=\"border: 1px solid #808080;\" src=\"https:\/\/amesup.com\/site\/wp-content\/uploads\/2022\/05\/FOTO_20.jpg\" alt=\"\" width=\"350\" height=\"222\" srcset=\"https:\/\/amesup.com\/site\/wp-content\/uploads\/2022\/05\/FOTO_20.jpg 350w, https:\/\/amesup.com\/site\/wp-content\/uploads\/2022\/05\/FOTO_20-300x190.jpg 300w\" sizes=\"(max-width: 350px) 100vw, 350px\" \/><\/p>\n<p>&nbsp;<\/p>\n<h4>Distribuidor Exclusivo en Venezuela<\/h4>\n<p style=\"text-align: center;\"><img loading=\"lazy\" class=\"aligncenter size-full wp-image-10790\" src=\"https:\/\/amesup.com\/site\/wp-content\/uploads\/2022\/05\/LOGO_GROTH.jpg\" alt=\"\" width=\"150\" height=\"150\" srcset=\"https:\/\/amesup.com\/site\/wp-content\/uploads\/2022\/05\/LOGO_GROTH.jpg 150w, https:\/\/amesup.com\/site\/wp-content\/uploads\/2022\/05\/LOGO_GROTH-100x100.jpg 100w\" sizes=\"(max-width: 150px) 100vw, 150px\" \/><\/p>\n<div class=\"ead-preview\"><div class=\"ead-document\" style=\"position: relative;padding-top: 90%;\"><div class=\"ead-iframe-wrapper\"><iframe src=\"\/\/docs.google.com\/viewer?url=https%3A%2F%2Famesup.com%2Fsite%2Fwp-content%2Fuploads%2F2022%2F05%2FIntercambiador_de_Calor_AMUAY_UPGRADING_PROJECT.pdf&amp;embedded=true&amp;hl=en\" title=\"Documento incrustado\" class=\"ead-iframe\" style=\"width: 100%;height: 100%;border: none;position: absolute;left: 0;top: 0;visibility: hidden;\"><\/iframe><\/div>\t\t\t<div class=\"ead-document-loading\" style=\"width:100%;height:100%;position:absolute;left:0;top:0;z-index:10;\">\n\t\t\t\t<div class=\"ead-loading-wrap\">\n\t\t\t\t\t<div class=\"ead-loading-main\">\n\t\t\t\t\t\t<div class=\"ead-loading\">\n\t\t\t\t\t\t\t<img src=\"https:\/\/amesup.com\/site\/wp-content\/plugins\/embed-any-document\/images\/loading.svg\" width=\"55\" height=\"55\" alt=\"Cargador\">\n\t\t\t\t\t\t\t<span>Cargando...<\/span>\n\t\t\t\t\t\t<\/div>\n\t\t\t\t\t<\/div>\n\t\t\t\t\t<div class=\"ead-loading-foot\">\n\t\t\t\t\t\t<div class=\"ead-loading-foot-title\">\n\t\t\t\t\t\t\t<img src=\"https:\/\/amesup.com\/site\/wp-content\/plugins\/embed-any-document\/images\/EAD-logo.svg\" alt=\"Logotipo de EAD\" width=\"36\" height=\"23\"\/>\n\t\t\t\t\t\t\t<span>\u00bfTarda demasiado?<\/span>\n\t\t\t\t\t\t<\/div>\n\t\t\t\t\t\t<p>\n\t\t\t\t\t\t\t<div class=\"ead-document-btn ead-reload-btn\" role=\"button\">\n\t\t\t\t\t\t\t\t<img src=\"https:\/\/amesup.com\/site\/wp-content\/plugins\/embed-any-document\/images\/reload.svg\" alt=\"Recargar\" width=\"12\" height=\"12\"\/> Recargar el documento\t\t\t\t\t\t\t<\/div>\n\t\t\t\t\t\t\t<span>|<\/span>\n\t\t\t\t\t\t\t<a href=\"https:\/\/amesup.com\/site\/wp-content\/uploads\/2022\/05\/Intercambiador_de_Calor_AMUAY_UPGRADING_PROJECT.pdf\" class=\"ead-document-btn\" target=\"_blank\">\n\t\t\t\t\t\t\t\t<img src=\"https:\/\/amesup.com\/site\/wp-content\/plugins\/embed-any-document\/images\/open.svg\" alt=\"Abrir\" width=\"12\" height=\"12\"\/> Abrir en una nueva pesta\u00f1a\t\t\t\t\t\t\t<\/a>\n\t\t\t\t\t<\/div>\n\t\t\t\t<\/div>\n\t\t\t<\/div>\n\t\t<\/div><\/div>\n<p>&nbsp;<\/p>\n<p style=\"text-align: center;\"><img loading=\"lazy\" class=\"aligncenter wp-image-10760 size-full\" style=\"border: 1px solid #808080;\" src=\"https:\/\/amesup.com\/site\/wp-content\/uploads\/2022\/05\/FOTO_21.jpg\" alt=\"\" width=\"350\" height=\"222\" srcset=\"https:\/\/amesup.com\/site\/wp-content\/uploads\/2022\/05\/FOTO_21.jpg 350w, https:\/\/amesup.com\/site\/wp-content\/uploads\/2022\/05\/FOTO_21-300x190.jpg 300w\" sizes=\"(max-width: 350px) 100vw, 350px\" \/><\/p>\n<p>&nbsp;<\/p>\n<h4>Intercambiadores de calor, enfriadores, calderas.<\/h4>\n<ul>\n<li>Dise\u00f1o.<\/li>\n<li>Construcci\u00f3n<\/li>\n<li>Reparaci\u00f3n.<\/li>\n<li>Reemtubado (cambio interno de tubos)<\/li>\n<li>Desmontaje y montaje de equipos.<\/li>\n<li>Tapones c\u00f3nicos (todos los materiales y aleaciones)<\/li>\n<li>Curvas, codos y cross spools.<\/li>\n<\/ul>\n<p style=\"text-align: center;\"><img loading=\"lazy\" class=\"aligncenter wp-image-10763 size-full\" style=\"border: 1px solid #808080;\" src=\"https:\/\/amesup.com\/site\/wp-content\/uploads\/2022\/05\/FOTO_22.jpg\" alt=\"\" width=\"350\" height=\"222\" srcset=\"https:\/\/amesup.com\/site\/wp-content\/uploads\/2022\/05\/FOTO_22.jpg 350w, https:\/\/amesup.com\/site\/wp-content\/uploads\/2022\/05\/FOTO_22-300x190.jpg 300w\" sizes=\"(max-width: 350px) 100vw, 350px\" \/><\/p>\n<p>&nbsp;<\/p>\n<h4>Instalaciones de Procesos en Mejoradores<\/h4>\n<ul>\n<li>Refiner\u00edas.<\/li>\n<li>Petroqu\u00edmicas y generadores.<\/li>\n<li>Generaci\u00f3n.<\/li>\n<li>Estaciones y Sub-Estaciones.<\/li>\n<li>Dise\u00f1o, Construcci\u00f3n, Mantenimiento de Unidades de Generaci\u00f3n, Transmisi\u00f3n y Conducci\u00f3n de bajo y Alto Voltaje.<\/li>\n<li>Unidades de apoyo en los Procesos en \u00e1reas de Refiner\u00edas.<\/li>\n<li>Mejoradores.<\/li>\n<li>Petroqu\u00edmicas.<\/li>\n<li>Actualizaci\u00f3n y Automatizaci\u00f3n.<\/li>\n<\/ul>\n<p style=\"text-align: center;\"><img loading=\"lazy\" class=\"aligncenter wp-image-10766 size-full\" style=\"border: 1px solid #808080;\" src=\"https:\/\/amesup.com\/site\/wp-content\/uploads\/2022\/05\/FOTO_23.jpg\" alt=\"\" width=\"350\" height=\"222\" srcset=\"https:\/\/amesup.com\/site\/wp-content\/uploads\/2022\/05\/FOTO_23.jpg 350w, https:\/\/amesup.com\/site\/wp-content\/uploads\/2022\/05\/FOTO_23-300x190.jpg 300w\" sizes=\"(max-width: 350px) 100vw, 350px\" \/><\/p>\n<\/div>\n<\/div><\/div><\/div><div id=\"pgc-w6287b847da35e-0-2\"  class=\"panel-grid-cell panel-grid-cell-empty\" ><\/div><\/div><\/div><\/div><\/div><div id=\"pgc-10748-0-2\"  class=\"panel-grid-cell panel-grid-cell-empty\" ><\/div><\/div><div id=\"pg-10748-1\"  class=\"panel-grid panel-has-style\" ><div class=\"siteorigin-panels-stretch panel-row-style panel-row-style-for-10748-1\" data-stretch-type=\"full\" ><div id=\"pgc-10748-1-0\"  class=\"panel-grid-cell\" ><div id=\"panel-10748-1-0-0\" class=\"so-panel widget widget_sow-editor panel-first-child\" data-index=\"2\" ><div class=\"so-widget-sow-editor so-widget-sow-editor-base\">\n<div class=\"siteorigin-widget-tinymce textwidget\">\n\t<h4 style=\"text-align: center; margin-top: -5px; margin-bottom: -5px;\"><span style=\"color: #ffffff;\">Nuestra experiencia desde el a\u00f1o 1986 en el suministro de<\/span><\/h4>\n<h4 style=\"text-align: center; margin-top: -5px; margin-bottom: -5px;\"><span style=\"color: #ffffff;\">insumos industriales, petroleros y petroqu\u00edmicos; nos ayud\u00f3 a desarrollar<\/span><\/h4>\n<h4 style=\"text-align: center; margin-top: -5px; margin-bottom: -5px;\"><span style=\"color: #ffffff;\">un gran v\u00ednculo con Industrias del ramo, asegurando su clase de producto.<\/span><\/h4>\n<\/div>\n<\/div><\/div><div id=\"panel-10748-1-0-1\" class=\"so-panel widget widget_sow-button panel-last-child\" data-index=\"3\" ><div class=\"so-widget-sow-button so-widget-sow-button-wire-06330324aa37-10748\"><div class=\"ow-button-base ow-button-align-center\">\n\t<a href=\"https:\/\/amesup.com\/site\/contactenos\/\" class=\"ow-icon-placement-left ow-button-hover\" \t\t>\n\t\t<span>\n\t\t\t\n\t\t\tCont\u00e1ctenos\t\t<\/span>\n\t<\/a>\n<\/div>\n<\/div><\/div><\/div><\/div><\/div><div id=\"pg-10748-2\"  class=\"panel-grid panel-no-style\" ><div id=\"pgc-10748-2-0\"  class=\"panel-grid-cell\" ><div id=\"panel-10748-2-0-0\" class=\"so-panel widget widget_sow-editor panel-first-child panel-last-child\" data-index=\"4\" ><div class=\"so-widget-sow-editor so-widget-sow-editor-base\">\n<div class=\"siteorigin-widget-tinymce textwidget\">\n\t<h2 style=\"text-align: center; margin-top: 0; margin-bottom: 0;\"><span style=\"color: #000000;\"><span style=\"color: #333333;\">Marcas que representamos<\/span><\/span><\/h2>\n<\/div>\n<\/div><\/div><\/div><\/div><div id=\"pg-10748-3\"  class=\"panel-grid panel-no-style\" ><div id=\"pgc-10748-3-0\"  class=\"panel-grid-cell\" ><div id=\"panel-10748-3-0-0\" class=\"so-panel widget widget_sow-editor panel-first-child panel-last-child\" data-index=\"5\" ><div class=\"so-widget-sow-editor so-widget-sow-editor-base\">\n<div class=\"siteorigin-widget-tinymce textwidget\">\n\t<div class=\"lswssp-wrap lswssp-logo-showcase lswssp-logo-carousel-wrap lswssp-post-data-wrap lswssp-design-1  lswssp-default-height\">\r\n\t<div class=\"lswssp-logo-carousel lswssp-logo-carousel-inr-wrap lswssp-post-data-inr-wrap lswssp-tooltip-conf lswssp-clearfix\" id=\"lswssp-logo-carousel-1\" data-conf=\"{&quot;id&quot;:&quot;10166&quot;,&quot;css_class&quot;:&quot; lswssp-default-height&quot;,&quot;display_type&quot;:&quot;slider&quot;,&quot;images&quot;:[10490,10790,10493,10491,10489,10494,10492],&quot;design&quot;:&quot;design-1&quot;,&quot;show_title&quot;:false,&quot;show_desc&quot;:false,&quot;link_target&quot;:&quot;_blank&quot;,&quot;min_height&quot;:&quot;&quot;,&quot;slides_show&quot;:5,&quot;slides_scroll&quot;:1,&quot;autoplay&quot;:true,&quot;autoplay_speed&quot;:3000,&quot;speed&quot;:500,&quot;arrow&quot;:false,&quot;dots&quot;:false,&quot;loop&quot;:true,&quot;centermode&quot;:false,&quot;center_padding&quot;:0,&quot;ipad&quot;:3,&quot;tablet&quot;:3,&quot;mobile&quot;:2,&quot;unique&quot;:1,&quot;count&quot;:0,&quot;slide_to_show&quot;:5,&quot;slide_to_show_ipad&quot;:3,&quot;slide_to_show_tablet&quot;:3,&quot;slide_to_show_mobile&quot;:2}\"><div class=\"lswssp-slide lswssp-post-10490\">\r\n\t<div class=\"lswssp-slide-inner\">\r\n\t\t<div class=\"lswssp-logo-img-wrap\">\r\n\t\t\t\t\t\t\t<img class=\"lswssp-logo-img\" src=\"https:\/\/amesup.com\/site\/wp-content\/uploads\/2022\/04\/LOGO_BF.jpg\" alt=\"\" \/>\r\n\t\t\t\t\t<\/div>\r\n\r\n\t\t\t<\/div>\r\n<\/div><div class=\"lswssp-slide lswssp-post-10790\">\r\n\t<div class=\"lswssp-slide-inner\">\r\n\t\t<div class=\"lswssp-logo-img-wrap\">\r\n\t\t\t\t\t\t\t<img class=\"lswssp-logo-img\" src=\"https:\/\/amesup.com\/site\/wp-content\/uploads\/2022\/05\/LOGO_GROTH.jpg\" alt=\"\" \/>\r\n\t\t\t\t\t<\/div>\r\n\r\n\t\t\t<\/div>\r\n<\/div><div class=\"lswssp-slide lswssp-post-10493\">\r\n\t<div class=\"lswssp-slide-inner\">\r\n\t\t<div class=\"lswssp-logo-img-wrap\">\r\n\t\t\t\t\t\t\t<img class=\"lswssp-logo-img\" src=\"https:\/\/amesup.com\/site\/wp-content\/uploads\/2022\/04\/LOGO_ULMA.jpg\" alt=\"\" \/>\r\n\t\t\t\t\t<\/div>\r\n\r\n\t\t\t<\/div>\r\n<\/div><div class=\"lswssp-slide lswssp-post-10491\">\r\n\t<div class=\"lswssp-slide-inner\">\r\n\t\t<div class=\"lswssp-logo-img-wrap\">\r\n\t\t\t\t\t\t\t<img class=\"lswssp-logo-img\" src=\"https:\/\/amesup.com\/site\/wp-content\/uploads\/2022\/04\/LOGO_BRAY.jpg\" alt=\"\" \/>\r\n\t\t\t\t\t<\/div>\r\n\r\n\t\t\t<\/div>\r\n<\/div><div class=\"lswssp-slide lswssp-post-10489\">\r\n\t<div class=\"lswssp-slide-inner\">\r\n\t\t<div class=\"lswssp-logo-img-wrap\">\r\n\t\t\t\t\t\t\t<img class=\"lswssp-logo-img\" src=\"https:\/\/amesup.com\/site\/wp-content\/uploads\/2022\/04\/LOGOS_DEL_CORTE.jpg\" alt=\"\" \/>\r\n\t\t\t\t\t<\/div>\r\n\r\n\t\t\t<\/div>\r\n<\/div><div class=\"lswssp-slide lswssp-post-10494\">\r\n\t<div class=\"lswssp-slide-inner\">\r\n\t\t<div class=\"lswssp-logo-img-wrap\">\r\n\t\t\t\t\t\t\t<img class=\"lswssp-logo-img\" src=\"https:\/\/amesup.com\/site\/wp-content\/uploads\/2022\/04\/LOGOS_APOLLO_VALVES.jpg\" alt=\"\" \/>\r\n\t\t\t\t\t<\/div>\r\n\r\n\t\t\t<\/div>\r\n<\/div><div class=\"lswssp-slide lswssp-post-10492\">\r\n\t<div class=\"lswssp-slide-inner\">\r\n\t\t<div class=\"lswssp-logo-img-wrap\">\r\n\t\t\t\t\t\t\t<img class=\"lswssp-logo-img\" src=\"https:\/\/amesup.com\/site\/wp-content\/uploads\/2022\/04\/LOGO_HI_POINT_IND.jpg\" alt=\"\" \/>\r\n\t\t\t\t\t<\/div>\r\n\r\n\t\t\t<\/div>\r\n<\/div>\t<\/div>\r\n<\/div>\n<\/div>\n<\/div><\/div><\/div><\/div><div id=\"pg-10748-4\"  class=\"panel-grid panel-has-style\" ><div class=\"siteorigin-panels-stretch panel-row-style panel-row-style-for-10748-4\" data-stretch-type=\"full\" ><div id=\"pgc-10748-4-0\"  class=\"panel-grid-cell\" ><div id=\"panel-10748-4-0-0\" class=\"so-panel widget widget_sow-image panel-first-child panel-last-child\" data-index=\"6\" ><div class=\"so-widget-sow-image so-widget-sow-image-default-4b231843ec72-10492\">\n\n<div class=\"sow-image-container\">\n\t\t<img src=\"https:\/\/amesup.com\/site\/wp-content\/uploads\/2022\/04\/ARTE_INFERIOR_HOME.png\" width=\"1261\" height=\"370\" srcset=\"https:\/\/amesup.com\/site\/wp-content\/uploads\/2022\/04\/ARTE_INFERIOR_HOME.png 1261w, https:\/\/amesup.com\/site\/wp-content\/uploads\/2022\/04\/ARTE_INFERIOR_HOME-300x88.png 300w, https:\/\/amesup.com\/site\/wp-content\/uploads\/2022\/04\/ARTE_INFERIOR_HOME-1024x300.png 1024w, https:\/\/amesup.com\/site\/wp-content\/uploads\/2022\/04\/ARTE_INFERIOR_HOME-600x176.png 600w\" sizes=\"(max-width: 1261px) 100vw, 1261px\" alt=\"\" loading=\"lazy\" \t\tclass=\"so-widget-image\"\/>\n\t<\/div>\n\n<\/div><\/div><\/div><\/div><\/div><\/div>","protected":false},"excerpt":{"rendered":"<p>Divisi\u00f3n de Contratos Tanques de Almacenamiento de Crudos Construcci\u00f3n. Reparaci\u00f3n. Limpieza. Mantenimiento. Automatizaci\u00f3n. &nbsp; Distribuidor Exclusivo en Venezuela &nbsp; &nbsp; Intercambiadores de calor, enfriadores, calderas. Dise\u00f1o. Construcci\u00f3n Reparaci\u00f3n. Reemtubado (cambio interno de tubos) Desmontaje y montaje de equipos. Tapones c\u00f3nicos (todos los materiales y aleaciones) Curvas, codos y cross spools. &nbsp; Instalaciones de Procesos en [&hellip;]<\/p>\n","protected":false},"author":4,"featured_media":0,"parent":0,"menu_order":0,"comment_status":"closed","ping_status":"closed","template":"template-fullwidth.php","meta":[],"_links":{"self":[{"href":"https:\/\/amesup.com\/site\/wp-json\/wp\/v2\/pages\/10748"}],"collection":[{"href":"https:\/\/amesup.com\/site\/wp-json\/wp\/v2\/pages"}],"about":[{"href":"https:\/\/amesup.com\/site\/wp-json\/wp\/v2\/types\/page"}],"author":[{"embeddable":true,"href":"https:\/\/amesup.com\/site\/wp-json\/wp\/v2\/users\/4"}],"replies":[{"embeddable":true,"href":"https:\/\/amesup.com\/site\/wp-json\/wp\/v2\/comments?post=10748"}],"version-history":[{"count":35,"href":"https:\/\/amesup.com\/site\/wp-json\/wp\/v2\/pages\/10748\/revisions"}],"predecessor-version":[{"id":11217,"href":"https:\/\/amesup.com\/site\/wp-json\/wp\/v2\/pages\/10748\/revisions\/11217"}],"wp:attachment":[{"href":"https:\/\/amesup.com\/site\/wp-json\/wp\/v2\/media?parent=10748"}],"curies":[{"name":"wp","href":"https:\/\/api.w.org\/{rel}","templated":true}]}}