{"id":10648,"date":"2022-04-28T13:39:07","date_gmt":"2022-04-28T17:39:07","guid":{"rendered":"https:\/\/amesup.com\/site\/?page_id=10648"},"modified":"2022-05-23T10:15:58","modified_gmt":"2022-05-23T14:15:58","slug":"contactenos","status":"publish","type":"page","link":"https:\/\/amesup.com\/site\/contactenos\/","title":{"rendered":"Cont\u00e1ctenos"},"content":{"rendered":"<div id=\"pl-10648\"  class=\"panel-layout\" ><div id=\"pg-10648-0\"  class=\"panel-grid panel-no-style\" ><div id=\"pgc-10648-0-0\"  class=\"panel-grid-cell\" ><div id=\"panel-10648-0-0-0\" class=\"so-panel widget widget_sow-editor panel-first-child\" data-index=\"0\" ><div class=\"so-widget-sow-editor so-widget-sow-editor-base\">\n<div class=\"siteorigin-widget-tinymce textwidget\">\n\t<h4 style=\"text-align: justify;\"><span style=\"color: #333333;\"><strong>Cont\u00e1ctenos<\/strong><\/span><\/h4>\n<\/div>\n<\/div><\/div><div id=\"panel-10648-0-0-1\" class=\"widget_text so-panel widget widget_custom_html\" data-index=\"1\" ><div class=\"textwidget custom-html-widget\"><iframe src=\"https:\/\/www.google.com\/maps\/d\/embed?mid=1S1X6ruTMl2z56-_CUCziS7M3fZSrt78F&ehbc=2E312F\" width=\"100%\" height=\"300\" style=\"border:0;\" allowfullscreen=\"\" loading=\"lazy\"><\/iframe><\/div><\/div><div id=\"panel-10648-0-0-2\" class=\"so-panel widget widget_sow-editor\" data-index=\"2\" ><div class=\"so-widget-sow-editor so-widget-sow-editor-base\">\n<div class=\"siteorigin-widget-tinymce textwidget\">\n\t<p><strong>Venezuela<\/strong><br \/>\n<strong>Direcci\u00f3n:<\/strong> Av. 28\u00aa #19-245, Sector Puerto Rico. Maracaibo, Estado Zulia, Venezuela.<br \/>\n<strong>Tel\u00e9fono:<\/strong> +58 261 759.4498<br \/>\n<strong>Fax:<\/strong> +58 261 759.3459<br \/>\n<strong>Email:<\/strong> <span style=\"color: #333333;\"><a style=\"color: #333333;\" href=\"mailto:oficina@amesup.com\">oficina@amesup.com<\/a><\/span><\/p>\n<\/div>\n<\/div><\/div><div id=\"panel-10648-0-0-3\" class=\"so-panel widget widget_sow-editor\" data-index=\"3\" ><div class=\"so-widget-sow-editor so-widget-sow-editor-base\">\n<div class=\"siteorigin-widget-tinymce textwidget\">\n\t<h4>Modulo de Contacto Directo<\/h4>\n<\/div>\n<\/div><\/div><div id=\"panel-10648-0-0-4\" class=\"so-panel widget widget_sow-editor panel-last-child\" data-index=\"4\" ><div class=\"so-widget-sow-editor so-widget-sow-editor-base\">\n<div class=\"siteorigin-widget-tinymce textwidget\">\n\t<noscript class=\"ninja-forms-noscript-message\">\n    Aviso: Se requiere JavaScript para este contenido.<\/noscript><div id=\"nf-form-2-cont\" class=\"nf-form-cont\" aria-live=\"polite\" aria-labelledby=\"nf-form-title-2\" aria-describedby=\"nf-form-errors-2\" role=\"form\">\n\n    <div class=\"nf-loading-spinner\"><\/div>\n\n<\/div>\n        <!-- TODO: Move to Template File. -->\n        <script>var formDisplay=1;var nfForms=nfForms||[];var form=[];form.id='2';form.settings={\"objectType\":\"Form Setting\",\"editActive\":true,\"title\":\"Modulo de Contacto Directo\",\"show_title\":0,\"allow_public_link\":0,\"embed_form\":\"\",\"clear_complete\":1,\"hide_complete\":1,\"default_label_pos\":\"above\",\"wrapper_class\":\"\",\"element_class\":\"\",\"key\":\"\",\"add_submit\":0,\"changeEmailErrorMsg\":\"Introduce una direcci\\u00f3n de correo electr\\u00f3nico v\\u00e1lida.\",\"changeDateErrorMsg\":\"\\u00a1Introduce una fecha v\\u00e1lida!\",\"confirmFieldErrorMsg\":\"Estos campos deben coincidir.\",\"fieldNumberNumMinError\":\"Error de n\\u00famero m\\u00ednimo\",\"fieldNumberNumMaxError\":\"Error de n\\u00famero m\\u00e1ximo\",\"fieldNumberIncrementBy\":\"Increm\\u00e9ntalo por \",\"formErrorsCorrectErrors\":\"Corrige los errores antes de enviar este formulario.\",\"validateRequiredField\":\"Esto es un campo obligatorio.\",\"honeypotHoneypotError\":\"Error de Honeypot\",\"fieldsMarkedRequired\":\"Los campos marcados con <span class=\\\"ninja-forms-req-symbol\\\">*<\\\/span> son obligatorios\",\"currency\":\"\",\"unique_field_error\":\"Ya se ha enviado un formulario con este valor.\",\"logged_in\":false,\"not_logged_in_msg\":\"\",\"sub_limit_msg\":\"Has alcanzado el l\\u00edmite de env\\u00edos en el formulario.\",\"calculations\":[],\"formContentData\":[\"nombre_completo_1651169632096\",\"telefono_1651169651422\",\"email_1573570415318\",\"su_requerimiento_1651169807494\",\"enviar_1651169674768\"],\"drawerDisabled\":false,\"repeatable_fieldsets\":\"\",\"ninjaForms\":\"Ninja Forms\",\"fieldTextareaRTEInsertLink\":\"Insertar enlace\",\"fieldTextareaRTEInsertMedia\":\"Insertar medios\",\"fieldTextareaRTESelectAFile\":\"Seleccione un archivo\",\"formHoneypot\":\"Si eres un ser humano y est\\u00e1s viendo este campo, por favor d\\u00e9jalo vac\\u00edo.\",\"fileUploadOldCodeFileUploadInProgress\":\"Carga de archivo en curso.\",\"fileUploadOldCodeFileUpload\":\"CARGA DE ARCHIVO\",\"currencySymbol\":\"&#36;\",\"thousands_sep\":\".\",\"decimal_point\":\",\",\"siteLocale\":\"es_VE\",\"dateFormat\":\"d\\\/m\\\/Y\",\"startOfWeek\":\"1\",\"of\":\"de\",\"previousMonth\":\"Mes anterior\",\"nextMonth\":\"Pr\\u00f3ximo mes\",\"months\":[\"Enero\",\"Febrero\",\"Marzo\",\"Abril\",\"Mayo\",\"Junio\",\"Julio\",\"Agosto\",\"Septiembre\",\"Octubre\",\"Noviembre\",\"Diciembre\"],\"monthsShort\":[\"Ene\",\"Feb\",\"Mar\",\"Abr\",\"Mayo\",\"Jun\",\"Jul\",\"Ago\",\"Sep\",\"Oct\",\"Nov\",\"Dic\"],\"weekdays\":[\"Domingo\",\"Lunes\",\"Martes\",\"Mi\\u00e9rcoles\",\"Jueves\",\"Viernes\",\"S\\u00e1bado\"],\"weekdaysShort\":[\"Dom\",\"Lun\",\"Mar\",\"Mi\\u00e9\",\"Jue\",\"Vie\",\"S\\u00e1b\"],\"weekdaysMin\":[\"Do\",\"Lu\",\"Ma\",\"Mi\",\"Ju\",\"Vi\",\"S\\u00e1\"],\"currency_symbol\":\"\",\"beforeForm\":\"\",\"beforeFields\":\"\",\"afterFields\":\"\",\"afterForm\":\"\"};form.fields=[{\"objectType\":\"Field\",\"objectDomain\":\"fields\",\"editActive\":false,\"order\":1,\"idAttribute\":\"id\",\"label\":\"Nombre Completo\",\"type\":\"firstname\",\"key\":\"nombre_completo_1651169632096\",\"label_pos\":\"above\",\"required\":1,\"default\":\"\",\"placeholder\":\"\",\"container_class\":\"\",\"element_class\":\"\",\"admin_label\":\"\",\"help_text\":\"\",\"custom_name_attribute\":\"fname\",\"personally_identifiable\":1,\"value\":\"\",\"drawerDisabled\":false,\"desc_text\":\"<p><br><\\\/p>\",\"id\":5,\"beforeField\":\"\",\"afterField\":\"\",\"parentType\":\"firstname\",\"element_templates\":[\"firstname\",\"input\"],\"old_classname\":\"\",\"wrap_template\":\"wrap\"},{\"objectType\":\"Field\",\"objectDomain\":\"fields\",\"editActive\":false,\"order\":2,\"idAttribute\":\"id\",\"label\":\"Tel\\u00e9fono\",\"type\":\"phone\",\"key\":\"telefono_1651169651422\",\"label_pos\":\"above\",\"required\":1,\"default\":\"\",\"placeholder\":\"\",\"container_class\":\"\",\"element_class\":\"\",\"input_limit\":\"\",\"input_limit_type\":\"characters\",\"input_limit_msg\":\"Caracteres restantes\",\"manual_key\":false,\"admin_label\":\"\",\"help_text\":\"\",\"mask\":\"\",\"custom_mask\":\"\",\"custom_name_attribute\":\"phone\",\"personally_identifiable\":1,\"value\":\"\",\"drawerDisabled\":false,\"id\":9,\"beforeField\":\"\",\"afterField\":\"\",\"parentType\":\"textbox\",\"element_templates\":[\"tel\",\"textbox\",\"input\"],\"old_classname\":\"\",\"wrap_template\":\"wrap\"},{\"objectType\":\"Field\",\"objectDomain\":\"fields\",\"editActive\":false,\"order\":3,\"idAttribute\":\"id\",\"label\":\"Email\",\"type\":\"address\",\"key\":\"email_1573570415318\",\"label_pos\":\"above\",\"required\":1,\"default\":\"\",\"placeholder\":\"\",\"container_class\":\"\",\"element_class\":\"\",\"input_limit\":\"\",\"input_limit_type\":\"characters\",\"input_limit_msg\":\"Caracteres restantes\",\"manual_key\":false,\"admin_label\":\"\",\"help_text\":\"\",\"mask\":\"\",\"custom_mask\":\"\",\"custom_name_attribute\":\"address\",\"personally_identifiable\":1,\"value\":\"\",\"drawerDisabled\":false,\"id\":6,\"beforeField\":\"\",\"afterField\":\"\",\"parentType\":\"address\",\"element_templates\":[\"address\",\"textbox\",\"input\"],\"old_classname\":\"\",\"wrap_template\":\"wrap\"},{\"objectType\":\"Field\",\"objectDomain\":\"fields\",\"editActive\":false,\"order\":4,\"idAttribute\":\"id\",\"type\":\"textarea\",\"label\":\"Su Requerimiento\",\"key\":\"su_requerimiento_1651169807494\",\"label_pos\":\"above\",\"required\":1,\"default\":\"\",\"placeholder\":\"\",\"container_class\":\"\",\"element_class\":\"\",\"input_limit\":\"\",\"input_limit_type\":\"characters\",\"input_limit_msg\":\"Caracteres restantes\",\"manual_key\":false,\"admin_label\":\"\",\"help_text\":\"\",\"textarea_rte\":\"\",\"disable_rte_mobile\":\"\",\"textarea_media\":\"\",\"value\":\"\",\"drawerDisabled\":false,\"id\":79,\"beforeField\":\"\",\"afterField\":\"\",\"parentType\":\"textarea\",\"element_templates\":[\"textarea\",\"input\"],\"old_classname\":\"\",\"wrap_template\":\"wrap\"},{\"objectType\":\"Field\",\"objectDomain\":\"fields\",\"editActive\":false,\"order\":5,\"idAttribute\":\"id\",\"label\":\"Enviar\",\"type\":\"submit\",\"processing_label\":\"Procesando\",\"container_class\":\"\",\"element_class\":\"\",\"key\":\"enviar_1651169674768\",\"drawerDisabled\":false,\"id\":8,\"beforeField\":\"\",\"afterField\":\"\",\"value\":\"\",\"label_pos\":\"above\",\"parentType\":\"textbox\",\"element_templates\":[\"submit\",\"button\",\"input\"],\"old_classname\":\"\",\"wrap_template\":\"wrap-no-label\"}];nfForms.push(form);<\/script>\n        \n<\/div>\n<\/div><\/div><\/div><div id=\"pgc-10648-0-1\"  class=\"panel-grid-cell\" ><div id=\"panel-10648-0-1-0\" class=\"so-panel widget widget_sow-image panel-first-child panel-last-child\" data-index=\"5\" ><div class=\"so-widget-sow-image so-widget-sow-image-default-d6014b76747a-10648\">\n\n<div class=\"sow-image-container\">\n\t\t<img src=\"https:\/\/amesup.com\/site\/wp-content\/uploads\/2022\/04\/ARTE_06.jpg\" width=\"350\" height=\"790\" srcset=\"https:\/\/amesup.com\/site\/wp-content\/uploads\/2022\/04\/ARTE_06.jpg 350w, https:\/\/amesup.com\/site\/wp-content\/uploads\/2022\/04\/ARTE_06-133x300.jpg 133w\" sizes=\"(max-width: 350px) 100vw, 350px\" alt=\"\" loading=\"lazy\" \t\tclass=\"so-widget-image\"\/>\n\t<\/div>\n\n<\/div><\/div><\/div><\/div><div id=\"pg-10648-1\"  class=\"panel-grid panel-has-style\" ><div class=\"siteorigin-panels-stretch panel-row-style panel-row-style-for-10648-1\" data-stretch-type=\"full\" ><div id=\"pgc-10648-1-0\"  class=\"panel-grid-cell\" ><div id=\"panel-10648-1-0-0\" class=\"so-panel widget widget_sow-editor panel-first-child\" data-index=\"6\" ><div class=\"so-widget-sow-editor so-widget-sow-editor-base\">\n<div class=\"siteorigin-widget-tinymce textwidget\">\n\t<h4 style=\"text-align: center; margin-top: -5px; margin-bottom: -5px;\"><span style=\"color: #ffffff;\">Nuestra experiencia desde el a\u00f1o 1986 en el suministro de<\/span><\/h4>\n<h4 style=\"text-align: center; margin-top: -5px; margin-bottom: -5px;\"><span style=\"color: #ffffff;\">insumos industriales, petroleros y petroqu\u00edmicos; nos ayud\u00f3 a desarrollar<\/span><\/h4>\n<h4 style=\"text-align: center; margin-top: -5px; margin-bottom: -5px;\"><span style=\"color: #ffffff;\">un gran v\u00ednculo con Industrias del ramo, asegurando su clase de producto.<\/span><\/h4>\n<\/div>\n<\/div><\/div><div id=\"panel-10648-1-0-1\" class=\"so-panel widget widget_sow-button panel-last-child\" data-index=\"7\" ><div class=\"so-widget-sow-button so-widget-sow-button-wire-06330324aa37-10648\"><div class=\"ow-button-base ow-button-align-center\">\n\t<a href=\"https:\/\/amesup.com\/site\/contactenos\/\" class=\"ow-icon-placement-left ow-button-hover\" \t\t>\n\t\t<span>\n\t\t\t\n\t\t\tCont\u00e1ctenos\t\t<\/span>\n\t<\/a>\n<\/div>\n<\/div><\/div><\/div><\/div><\/div><div id=\"pg-10648-2\"  class=\"panel-grid panel-no-style\" ><div id=\"pgc-10648-2-0\"  class=\"panel-grid-cell\" ><div id=\"panel-10648-2-0-0\" class=\"so-panel widget widget_sow-editor panel-first-child panel-last-child\" data-index=\"8\" ><div class=\"so-widget-sow-editor so-widget-sow-editor-base\">\n<div class=\"siteorigin-widget-tinymce textwidget\">\n\t<h2 style=\"text-align: center; margin-top: 0; margin-bottom: 0;\"><span style=\"color: #000000;\"><span style=\"color: #333333;\">Marcas que representamos<\/span><\/span><\/h2>\n<\/div>\n<\/div><\/div><\/div><\/div><div id=\"pg-10648-3\"  class=\"panel-grid panel-no-style\" ><div id=\"pgc-10648-3-0\"  class=\"panel-grid-cell\" ><div id=\"panel-10648-3-0-0\" class=\"so-panel widget widget_sow-editor panel-first-child panel-last-child\" data-index=\"9\" ><div class=\"so-widget-sow-editor so-widget-sow-editor-base\">\n<div class=\"siteorigin-widget-tinymce textwidget\">\n\t<div class=\"lswssp-wrap lswssp-logo-showcase lswssp-logo-carousel-wrap lswssp-post-data-wrap lswssp-design-1  lswssp-default-height\">\r\n\t<div class=\"lswssp-logo-carousel lswssp-logo-carousel-inr-wrap lswssp-post-data-inr-wrap lswssp-tooltip-conf lswssp-clearfix\" id=\"lswssp-logo-carousel-1\" data-conf=\"{&quot;id&quot;:&quot;10166&quot;,&quot;css_class&quot;:&quot; lswssp-default-height&quot;,&quot;display_type&quot;:&quot;slider&quot;,&quot;images&quot;:[10490,10790,10493,10491,10489,10494,10492],&quot;design&quot;:&quot;design-1&quot;,&quot;show_title&quot;:false,&quot;show_desc&quot;:false,&quot;link_target&quot;:&quot;_blank&quot;,&quot;min_height&quot;:&quot;&quot;,&quot;slides_show&quot;:5,&quot;slides_scroll&quot;:1,&quot;autoplay&quot;:true,&quot;autoplay_speed&quot;:3000,&quot;speed&quot;:500,&quot;arrow&quot;:false,&quot;dots&quot;:false,&quot;loop&quot;:true,&quot;centermode&quot;:false,&quot;center_padding&quot;:0,&quot;ipad&quot;:3,&quot;tablet&quot;:3,&quot;mobile&quot;:2,&quot;unique&quot;:1,&quot;count&quot;:0,&quot;slide_to_show&quot;:5,&quot;slide_to_show_ipad&quot;:3,&quot;slide_to_show_tablet&quot;:3,&quot;slide_to_show_mobile&quot;:2}\"><div class=\"lswssp-slide lswssp-post-10490\">\r\n\t<div class=\"lswssp-slide-inner\">\r\n\t\t<div class=\"lswssp-logo-img-wrap\">\r\n\t\t\t\t\t\t\t<img class=\"lswssp-logo-img\" src=\"https:\/\/amesup.com\/site\/wp-content\/uploads\/2022\/04\/LOGO_BF.jpg\" alt=\"\" \/>\r\n\t\t\t\t\t<\/div>\r\n\r\n\t\t\t<\/div>\r\n<\/div><div class=\"lswssp-slide lswssp-post-10790\">\r\n\t<div class=\"lswssp-slide-inner\">\r\n\t\t<div class=\"lswssp-logo-img-wrap\">\r\n\t\t\t\t\t\t\t<img class=\"lswssp-logo-img\" src=\"https:\/\/amesup.com\/site\/wp-content\/uploads\/2022\/05\/LOGO_GROTH.jpg\" alt=\"\" \/>\r\n\t\t\t\t\t<\/div>\r\n\r\n\t\t\t<\/div>\r\n<\/div><div class=\"lswssp-slide lswssp-post-10493\">\r\n\t<div class=\"lswssp-slide-inner\">\r\n\t\t<div class=\"lswssp-logo-img-wrap\">\r\n\t\t\t\t\t\t\t<img class=\"lswssp-logo-img\" src=\"https:\/\/amesup.com\/site\/wp-content\/uploads\/2022\/04\/LOGO_ULMA.jpg\" alt=\"\" \/>\r\n\t\t\t\t\t<\/div>\r\n\r\n\t\t\t<\/div>\r\n<\/div><div class=\"lswssp-slide lswssp-post-10491\">\r\n\t<div class=\"lswssp-slide-inner\">\r\n\t\t<div class=\"lswssp-logo-img-wrap\">\r\n\t\t\t\t\t\t\t<img class=\"lswssp-logo-img\" src=\"https:\/\/amesup.com\/site\/wp-content\/uploads\/2022\/04\/LOGO_BRAY.jpg\" alt=\"\" \/>\r\n\t\t\t\t\t<\/div>\r\n\r\n\t\t\t<\/div>\r\n<\/div><div class=\"lswssp-slide lswssp-post-10489\">\r\n\t<div class=\"lswssp-slide-inner\">\r\n\t\t<div class=\"lswssp-logo-img-wrap\">\r\n\t\t\t\t\t\t\t<img class=\"lswssp-logo-img\" src=\"https:\/\/amesup.com\/site\/wp-content\/uploads\/2022\/04\/LOGOS_DEL_CORTE.jpg\" alt=\"\" \/>\r\n\t\t\t\t\t<\/div>\r\n\r\n\t\t\t<\/div>\r\n<\/div><div class=\"lswssp-slide lswssp-post-10494\">\r\n\t<div class=\"lswssp-slide-inner\">\r\n\t\t<div class=\"lswssp-logo-img-wrap\">\r\n\t\t\t\t\t\t\t<img class=\"lswssp-logo-img\" src=\"https:\/\/amesup.com\/site\/wp-content\/uploads\/2022\/04\/LOGOS_APOLLO_VALVES.jpg\" alt=\"\" \/>\r\n\t\t\t\t\t<\/div>\r\n\r\n\t\t\t<\/div>\r\n<\/div><div class=\"lswssp-slide lswssp-post-10492\">\r\n\t<div class=\"lswssp-slide-inner\">\r\n\t\t<div class=\"lswssp-logo-img-wrap\">\r\n\t\t\t\t\t\t\t<img class=\"lswssp-logo-img\" src=\"https:\/\/amesup.com\/site\/wp-content\/uploads\/2022\/04\/LOGO_HI_POINT_IND.jpg\" alt=\"\" \/>\r\n\t\t\t\t\t<\/div>\r\n\r\n\t\t\t<\/div>\r\n<\/div>\t<\/div>\r\n<\/div>\n<\/div>\n<\/div><\/div><\/div><\/div><div id=\"pg-10648-4\"  class=\"panel-grid panel-has-style\" ><div class=\"siteorigin-panels-stretch panel-row-style panel-row-style-for-10648-4\" data-stretch-type=\"full\" ><div id=\"pgc-10648-4-0\"  class=\"panel-grid-cell\" ><div id=\"panel-10648-4-0-0\" class=\"so-panel widget widget_sow-image panel-first-child panel-last-child\" data-index=\"10\" ><div class=\"so-widget-sow-image so-widget-sow-image-default-4b231843ec72-10492\">\n\n<div class=\"sow-image-container\">\n\t\t<img src=\"https:\/\/amesup.com\/site\/wp-content\/uploads\/2022\/04\/ARTE_INFERIOR_HOME.png\" width=\"1261\" height=\"370\" srcset=\"https:\/\/amesup.com\/site\/wp-content\/uploads\/2022\/04\/ARTE_INFERIOR_HOME.png 1261w, https:\/\/amesup.com\/site\/wp-content\/uploads\/2022\/04\/ARTE_INFERIOR_HOME-300x88.png 300w, https:\/\/amesup.com\/site\/wp-content\/uploads\/2022\/04\/ARTE_INFERIOR_HOME-1024x300.png 1024w, https:\/\/amesup.com\/site\/wp-content\/uploads\/2022\/04\/ARTE_INFERIOR_HOME-600x176.png 600w\" sizes=\"(max-width: 1261px) 100vw, 1261px\" alt=\"\" loading=\"lazy\" \t\tclass=\"so-widget-image\"\/>\n\t<\/div>\n\n<\/div><\/div><\/div><\/div><\/div><\/div>","protected":false},"excerpt":{"rendered":"<p>Cont\u00e1ctenos Venezuela Direcci\u00f3n: Av. 28\u00aa #19-245, Sector Puerto Rico. Maracaibo, Estado Zulia, Venezuela. Tel\u00e9fono: +58 261 759.4498 Fax: +58 261 759.3459 Email: oficina@amesup.com Modulo de Contacto Directo Nuestra experiencia desde el a\u00f1o 1986 en el suministro de insumos industriales, petroleros y petroqu\u00edmicos; nos ayud\u00f3 a desarrollar un gran v\u00ednculo con Industrias del ramo, asegurando su [&hellip;]<\/p>\n","protected":false},"author":4,"featured_media":0,"parent":0,"menu_order":0,"comment_status":"closed","ping_status":"closed","template":"template-fullwidth.php","meta":[],"_links":{"self":[{"href":"https:\/\/amesup.com\/site\/wp-json\/wp\/v2\/pages\/10648"}],"collection":[{"href":"https:\/\/amesup.com\/site\/wp-json\/wp\/v2\/pages"}],"about":[{"href":"https:\/\/amesup.com\/site\/wp-json\/wp\/v2\/types\/page"}],"author":[{"embeddable":true,"href":"https:\/\/amesup.com\/site\/wp-json\/wp\/v2\/users\/4"}],"replies":[{"embeddable":true,"href":"https:\/\/amesup.com\/site\/wp-json\/wp\/v2\/comments?post=10648"}],"version-history":[{"count":21,"href":"https:\/\/amesup.com\/site\/wp-json\/wp\/v2\/pages\/10648\/revisions"}],"predecessor-version":[{"id":11221,"href":"https:\/\/amesup.com\/site\/wp-json\/wp\/v2\/pages\/10648\/revisions\/11221"}],"wp:attachment":[{"href":"https:\/\/amesup.com\/site\/wp-json\/wp\/v2\/media?parent=10648"}],"curies":[{"name":"wp","href":"https:\/\/api.w.org\/{rel}","templated":true}]}}